{"id":4869,"date":"2021-12-15T13:05:40","date_gmt":"2021-12-15T07:05:40","guid":{"rendered":"https:\/\/alpiste.co.cr\/product\/base-allegra\/"},"modified":"2022-07-30T08:57:17","modified_gmt":"2022-07-30T02:57:17","slug":"base-allegra","status":"publish","type":"product","link":"https:\/\/alpiste.co.cr\/en\/product\/base-allegra\/","title":{"rendered":"Base Allegra (82404)  1.5Kg"},"content":{"rendered":"<p>https:\/\/alpiste.co.cr\/product\/base-allegra\/<\/p>","protected":false},"excerpt":{"rendered":"<p>Una base de proceso en fr\u00edo vers\u00e1til que se utiliza para crear aut\u00e9nticos sabores de helado con infusi\u00f3n de alcohol real sin comprometer la sujeci\u00f3n del helado en la vitrina.\u00a0Es ligero en el paladar y excelente para usar con champ\u00e1n, vino, cerveza, licores y c\u00f3cteles.<\/p>","protected":false},"featured_media":3577,"comment_status":"closed","ping_status":"open","template":"","meta":{"_acf_changed":false},"product_cat":[394,573],"product_tag":[],"pais-productos":[38],"marca-productos":[574],"acf":[],"_links":{"self":[{"href":"https:\/\/alpiste.co.cr\/en\/wp-json\/wp\/v2\/product\/4869"}],"collection":[{"href":"https:\/\/alpiste.co.cr\/en\/wp-json\/wp\/v2\/product"}],"about":[{"href":"https:\/\/alpiste.co.cr\/en\/wp-json\/wp\/v2\/types\/product"}],"replies":[{"embeddable":true,"href":"https:\/\/alpiste.co.cr\/en\/wp-json\/wp\/v2\/comments?post=4869"}],"wp:featuredmedia":[{"embeddable":true,"href":"https:\/\/alpiste.co.cr\/en\/wp-json\/wp\/v2\/media\/3577"}],"wp:attachment":[{"href":"https:\/\/alpiste.co.cr\/en\/wp-json\/wp\/v2\/media?parent=4869"}],"wp:term":[{"taxonomy":"product_cat","embeddable":true,"href":"https:\/\/alpiste.co.cr\/en\/wp-json\/wp\/v2\/product_cat?post=4869"},{"taxonomy":"product_tag","embeddable":true,"href":"https:\/\/alpiste.co.cr\/en\/wp-json\/wp\/v2\/product_tag?post=4869"},{"taxonomy":"pais-productos","embeddable":true,"href":"https:\/\/alpiste.co.cr\/en\/wp-json\/wp\/v2\/pais-productos?post=4869"},{"taxonomy":"marca-productos","embeddable":true,"href":"https:\/\/alpiste.co.cr\/en\/wp-json\/wp\/v2\/marca-productos?post=4869"}],"curies":[{"name":"wp","href":"https:\/\/api.w.org\/{rel}","templated":true}]}}