{"id":4854,"date":"2021-12-15T13:05:35","date_gmt":"2021-12-15T07:05:35","guid":{"rendered":"https:\/\/alpiste.co.cr\/product\/pasta-trad-choco-sin-azucar\/"},"modified":"2022-07-30T08:57:16","modified_gmt":"2022-07-30T02:57:16","slug":"pasta-trad-choco-sin-azucar","status":"publish","type":"product","link":"https:\/\/alpiste.co.cr\/en\/product\/pasta-trad-choco-sin-azucar\/","title":{"rendered":"Pasta Trad .Choco Sin Azucar  56522   6 Kg"},"content":{"rendered":"<p>https:\/\/alpiste.co.cr\/product\/pasta-trad-choco-sin-azucar\/<\/p>","protected":false},"excerpt":{"rendered":"<p>Rica, decadente y suave describen mejor esta deliciosa pasta de chocolate que es abundante con matices de nuez de cremosas almendras y exquisitas avellanas. Cacaopat es una pasta tradicional con un sabor intenso y sin az\u00facar, que puede ser utilizada a la perfecci\u00f3n en la elaboraci\u00f3n de una gran variedad de postres.<\/p>","protected":false},"featured_media":3600,"comment_status":"closed","ping_status":"open","template":"","meta":{"_acf_changed":false},"product_cat":[394,573],"product_tag":[],"pais-productos":[38],"marca-productos":[574],"acf":[],"_links":{"self":[{"href":"https:\/\/alpiste.co.cr\/en\/wp-json\/wp\/v2\/product\/4854"}],"collection":[{"href":"https:\/\/alpiste.co.cr\/en\/wp-json\/wp\/v2\/product"}],"about":[{"href":"https:\/\/alpiste.co.cr\/en\/wp-json\/wp\/v2\/types\/product"}],"replies":[{"embeddable":true,"href":"https:\/\/alpiste.co.cr\/en\/wp-json\/wp\/v2\/comments?post=4854"}],"wp:featuredmedia":[{"embeddable":true,"href":"https:\/\/alpiste.co.cr\/en\/wp-json\/wp\/v2\/media\/3600"}],"wp:attachment":[{"href":"https:\/\/alpiste.co.cr\/en\/wp-json\/wp\/v2\/media?parent=4854"}],"wp:term":[{"taxonomy":"product_cat","embeddable":true,"href":"https:\/\/alpiste.co.cr\/en\/wp-json\/wp\/v2\/product_cat?post=4854"},{"taxonomy":"product_tag","embeddable":true,"href":"https:\/\/alpiste.co.cr\/en\/wp-json\/wp\/v2\/product_tag?post=4854"},{"taxonomy":"pais-productos","embeddable":true,"href":"https:\/\/alpiste.co.cr\/en\/wp-json\/wp\/v2\/pais-productos?post=4854"},{"taxonomy":"marca-productos","embeddable":true,"href":"https:\/\/alpiste.co.cr\/en\/wp-json\/wp\/v2\/marca-productos?post=4854"}],"curies":[{"name":"wp","href":"https:\/\/api.w.org\/{rel}","templated":true}]}}