{"id":4821,"date":"2021-12-15T07:05:25","date_gmt":"2021-12-15T07:05:25","guid":{"rendered":"https:\/\/alpiste.co.cr\/product\/pasta-trad-tiramisu\/"},"modified":"2022-07-30T08:57:12","modified_gmt":"2022-07-30T02:57:12","slug":"pasta-trad-tiramisu","status":"publish","type":"product","link":"https:\/\/alpiste.co.cr\/en\/product\/pasta-trad-tiramisu\/","title":{"rendered":"Pasta Trad.  Tiramisu"},"content":{"rendered":"<p>https:\/\/alpiste.co.cr\/product\/pasta-trad-tiramisu\/<\/p>","protected":false},"excerpt":{"rendered":"<p>Creado en la regi\u00f3n de Veneto de Italia en la d\u00e9cada de 1960, y que significa &#8220;rec\u00f3geme&#8221;.\u00a0en italiano, este postre combina tres de los mejores sabores de Italia (caf\u00e9, mascarpone y cacao en polvo) en un delicioso capricho.<\/p>","protected":false},"featured_media":0,"comment_status":"closed","ping_status":"open","template":"","meta":{"_acf_changed":false},"product_cat":[394,573],"product_tag":[],"pais-productos":[38],"marca-productos":[574],"acf":[],"_links":{"self":[{"href":"https:\/\/alpiste.co.cr\/en\/wp-json\/wp\/v2\/product\/4821"}],"collection":[{"href":"https:\/\/alpiste.co.cr\/en\/wp-json\/wp\/v2\/product"}],"about":[{"href":"https:\/\/alpiste.co.cr\/en\/wp-json\/wp\/v2\/types\/product"}],"replies":[{"embeddable":true,"href":"https:\/\/alpiste.co.cr\/en\/wp-json\/wp\/v2\/comments?post=4821"}],"wp:attachment":[{"href":"https:\/\/alpiste.co.cr\/en\/wp-json\/wp\/v2\/media?parent=4821"}],"wp:term":[{"taxonomy":"product_cat","embeddable":true,"href":"https:\/\/alpiste.co.cr\/en\/wp-json\/wp\/v2\/product_cat?post=4821"},{"taxonomy":"product_tag","embeddable":true,"href":"https:\/\/alpiste.co.cr\/en\/wp-json\/wp\/v2\/product_tag?post=4821"},{"taxonomy":"pais-productos","embeddable":true,"href":"https:\/\/alpiste.co.cr\/en\/wp-json\/wp\/v2\/pais-productos?post=4821"},{"taxonomy":"marca-productos","embeddable":true,"href":"https:\/\/alpiste.co.cr\/en\/wp-json\/wp\/v2\/marca-productos?post=4821"}],"curies":[{"name":"wp","href":"https:\/\/api.w.org\/{rel}","templated":true}]}}