{"id":4818,"date":"2021-12-15T13:05:25","date_gmt":"2021-12-15T07:05:25","guid":{"rendered":"https:\/\/alpiste.co.cr\/product\/pasta-trad-almendra-tostada\/"},"modified":"2022-07-30T08:57:12","modified_gmt":"2022-07-30T02:57:12","slug":"pasta-trad-almendra-tostada","status":"publish","type":"product","link":"https:\/\/alpiste.co.cr\/en\/product\/pasta-trad-almendra-tostada\/","title":{"rendered":"Pasta Trad. Almendra Tostada 55202   6 Kg"},"content":{"rendered":"<p>https:\/\/alpiste.co.cr\/product\/pasta-trad-almendra-tostada\/<\/p>","protected":false},"excerpt":{"rendered":"<p>Originaria del clima mediterr\u00e1neo, las almendras frescas tostadas a la perfecci\u00f3n sublime se ejemplifican en esta pasta espesa y cremosa que est\u00e1 generosamente fortificada con peque\u00f1os trozos de nueces de almendra. Con un sabor c\u00e1lido y agradable a almendra, esta pasta es espesa y cremosa, adem\u00e1s de contener peque\u00f1os trozos de almendras.<\/p>","protected":false},"featured_media":3596,"comment_status":"closed","ping_status":"open","template":"","meta":{"_acf_changed":false},"product_cat":[394,573],"product_tag":[],"pais-productos":[38],"marca-productos":[574],"acf":[],"_links":{"self":[{"href":"https:\/\/alpiste.co.cr\/en\/wp-json\/wp\/v2\/product\/4818"}],"collection":[{"href":"https:\/\/alpiste.co.cr\/en\/wp-json\/wp\/v2\/product"}],"about":[{"href":"https:\/\/alpiste.co.cr\/en\/wp-json\/wp\/v2\/types\/product"}],"replies":[{"embeddable":true,"href":"https:\/\/alpiste.co.cr\/en\/wp-json\/wp\/v2\/comments?post=4818"}],"wp:featuredmedia":[{"embeddable":true,"href":"https:\/\/alpiste.co.cr\/en\/wp-json\/wp\/v2\/media\/3596"}],"wp:attachment":[{"href":"https:\/\/alpiste.co.cr\/en\/wp-json\/wp\/v2\/media?parent=4818"}],"wp:term":[{"taxonomy":"product_cat","embeddable":true,"href":"https:\/\/alpiste.co.cr\/en\/wp-json\/wp\/v2\/product_cat?post=4818"},{"taxonomy":"product_tag","embeddable":true,"href":"https:\/\/alpiste.co.cr\/en\/wp-json\/wp\/v2\/product_tag?post=4818"},{"taxonomy":"pais-productos","embeddable":true,"href":"https:\/\/alpiste.co.cr\/en\/wp-json\/wp\/v2\/pais-productos?post=4818"},{"taxonomy":"marca-productos","embeddable":true,"href":"https:\/\/alpiste.co.cr\/en\/wp-json\/wp\/v2\/marca-productos?post=4818"}],"curies":[{"name":"wp","href":"https:\/\/api.w.org\/{rel}","templated":true}]}}