{"id":4800,"date":"2021-12-15T13:05:19","date_gmt":"2021-12-15T07:05:19","guid":{"rendered":"https:\/\/alpiste.co.cr\/product\/pasta-trad-coco\/"},"modified":"2022-07-30T08:57:11","modified_gmt":"2022-07-30T02:57:11","slug":"pasta-trad-coco","status":"publish","type":"product","link":"https:\/\/alpiste.co.cr\/en\/product\/pasta-trad-coco\/","title":{"rendered":"Pasta Trad.  Coco 50402   5 Kg"},"content":{"rendered":"<p>https:\/\/alpiste.co.cr\/product\/pasta-trad-coco\/<\/p>","protected":false},"excerpt":{"rendered":"<p>Densa y arom\u00e1tica, una bocanada de esta pasta cargada de dulces copos de coco tropical act\u00faa como un transporte instant\u00e1neo al ex\u00f3tico mundo de la aut\u00e9ntica cocina caribe\u00f1a.<\/p>","protected":false},"featured_media":3593,"comment_status":"closed","ping_status":"open","template":"","meta":{"_acf_changed":false},"product_cat":[394,573],"product_tag":[],"pais-productos":[38],"marca-productos":[574],"acf":[],"_links":{"self":[{"href":"https:\/\/alpiste.co.cr\/en\/wp-json\/wp\/v2\/product\/4800"}],"collection":[{"href":"https:\/\/alpiste.co.cr\/en\/wp-json\/wp\/v2\/product"}],"about":[{"href":"https:\/\/alpiste.co.cr\/en\/wp-json\/wp\/v2\/types\/product"}],"replies":[{"embeddable":true,"href":"https:\/\/alpiste.co.cr\/en\/wp-json\/wp\/v2\/comments?post=4800"}],"wp:featuredmedia":[{"embeddable":true,"href":"https:\/\/alpiste.co.cr\/en\/wp-json\/wp\/v2\/media\/3593"}],"wp:attachment":[{"href":"https:\/\/alpiste.co.cr\/en\/wp-json\/wp\/v2\/media?parent=4800"}],"wp:term":[{"taxonomy":"product_cat","embeddable":true,"href":"https:\/\/alpiste.co.cr\/en\/wp-json\/wp\/v2\/product_cat?post=4800"},{"taxonomy":"product_tag","embeddable":true,"href":"https:\/\/alpiste.co.cr\/en\/wp-json\/wp\/v2\/product_tag?post=4800"},{"taxonomy":"pais-productos","embeddable":true,"href":"https:\/\/alpiste.co.cr\/en\/wp-json\/wp\/v2\/pais-productos?post=4800"},{"taxonomy":"marca-productos","embeddable":true,"href":"https:\/\/alpiste.co.cr\/en\/wp-json\/wp\/v2\/marca-productos?post=4800"}],"curies":[{"name":"wp","href":"https:\/\/api.w.org\/{rel}","templated":true}]}}