{"id":4794,"date":"2021-12-15T13:05:19","date_gmt":"2021-12-15T07:05:19","guid":{"rendered":"https:\/\/alpiste.co.cr\/product\/mejorad-text-piu-cremoso\/"},"modified":"2022-07-30T08:57:11","modified_gmt":"2022-07-30T02:57:11","slug":"mejorad-text-piu-cremoso","status":"publish","type":"product","link":"https:\/\/alpiste.co.cr\/en\/product\/mejorad-text-piu-cremoso\/","title":{"rendered":"Mejorad Text. Piu Cremoso  00324   1.2 Kg"},"content":{"rendered":"<p>https:\/\/alpiste.co.cr\/product\/mejorad-text-piu-cremoso\/<\/p>","protected":false},"excerpt":{"rendered":"<p>No contiene grasa vegetal hidrogenada, este mejorador de grasa de proceso en caliente y en fr\u00edo es un producto en polvo que se puede utilizar para mejorar la estructura del helado haci\u00e9ndolo m\u00e1s cremoso y c\u00e1lido en el paladar.\u00a0Tambi\u00e9n se mantiene bien en la vitrina.<\/p>","protected":false},"featured_media":3590,"comment_status":"closed","ping_status":"open","template":"","meta":{"_acf_changed":false},"product_cat":[394,573],"product_tag":[],"pais-productos":[38],"marca-productos":[574],"acf":[],"_links":{"self":[{"href":"https:\/\/alpiste.co.cr\/en\/wp-json\/wp\/v2\/product\/4794"}],"collection":[{"href":"https:\/\/alpiste.co.cr\/en\/wp-json\/wp\/v2\/product"}],"about":[{"href":"https:\/\/alpiste.co.cr\/en\/wp-json\/wp\/v2\/types\/product"}],"replies":[{"embeddable":true,"href":"https:\/\/alpiste.co.cr\/en\/wp-json\/wp\/v2\/comments?post=4794"}],"wp:featuredmedia":[{"embeddable":true,"href":"https:\/\/alpiste.co.cr\/en\/wp-json\/wp\/v2\/media\/3590"}],"wp:attachment":[{"href":"https:\/\/alpiste.co.cr\/en\/wp-json\/wp\/v2\/media?parent=4794"}],"wp:term":[{"taxonomy":"product_cat","embeddable":true,"href":"https:\/\/alpiste.co.cr\/en\/wp-json\/wp\/v2\/product_cat?post=4794"},{"taxonomy":"product_tag","embeddable":true,"href":"https:\/\/alpiste.co.cr\/en\/wp-json\/wp\/v2\/product_tag?post=4794"},{"taxonomy":"pais-productos","embeddable":true,"href":"https:\/\/alpiste.co.cr\/en\/wp-json\/wp\/v2\/pais-productos?post=4794"},{"taxonomy":"marca-productos","embeddable":true,"href":"https:\/\/alpiste.co.cr\/en\/wp-json\/wp\/v2\/marca-productos?post=4794"}],"curies":[{"name":"wp","href":"https:\/\/api.w.org\/{rel}","templated":true}]}}