{"id":4791,"date":"2021-12-15T13:05:19","date_gmt":"2021-12-15T07:05:19","guid":{"rendered":"https:\/\/alpiste.co.cr\/product\/llenado-dec-fragolissima\/"},"modified":"2022-07-30T08:57:11","modified_gmt":"2022-07-30T02:57:11","slug":"llenado-dec-fragolissima","status":"publish","type":"product","link":"https:\/\/alpiste.co.cr\/en\/product\/llenado-dec-fragolissima\/","title":{"rendered":"Llenado Dec. Fragolissima  71002   3 Kg"},"content":{"rendered":"<p>https:\/\/alpiste.co.cr\/product\/llenado-dec-fragolissima\/<\/p>","protected":false},"excerpt":{"rendered":"<p>Las fresas enteras saturadas en salsa dulce y arom\u00e1tica hacen de este aderezo y relleno un cl\u00e1sico instant\u00e1neo apto para postres.<\/p>","protected":false},"featured_media":3587,"comment_status":"closed","ping_status":"open","template":"","meta":{"_acf_changed":false},"product_cat":[394,573],"product_tag":[],"pais-productos":[38],"marca-productos":[574],"acf":[],"_links":{"self":[{"href":"https:\/\/alpiste.co.cr\/en\/wp-json\/wp\/v2\/product\/4791"}],"collection":[{"href":"https:\/\/alpiste.co.cr\/en\/wp-json\/wp\/v2\/product"}],"about":[{"href":"https:\/\/alpiste.co.cr\/en\/wp-json\/wp\/v2\/types\/product"}],"replies":[{"embeddable":true,"href":"https:\/\/alpiste.co.cr\/en\/wp-json\/wp\/v2\/comments?post=4791"}],"wp:featuredmedia":[{"embeddable":true,"href":"https:\/\/alpiste.co.cr\/en\/wp-json\/wp\/v2\/media\/3587"}],"wp:attachment":[{"href":"https:\/\/alpiste.co.cr\/en\/wp-json\/wp\/v2\/media?parent=4791"}],"wp:term":[{"taxonomy":"product_cat","embeddable":true,"href":"https:\/\/alpiste.co.cr\/en\/wp-json\/wp\/v2\/product_cat?post=4791"},{"taxonomy":"product_tag","embeddable":true,"href":"https:\/\/alpiste.co.cr\/en\/wp-json\/wp\/v2\/product_tag?post=4791"},{"taxonomy":"pais-productos","embeddable":true,"href":"https:\/\/alpiste.co.cr\/en\/wp-json\/wp\/v2\/pais-productos?post=4791"},{"taxonomy":"marca-productos","embeddable":true,"href":"https:\/\/alpiste.co.cr\/en\/wp-json\/wp\/v2\/marca-productos?post=4791"}],"curies":[{"name":"wp","href":"https:\/\/api.w.org\/{rel}","templated":true}]}}