{"id":4782,"date":"2021-12-15T07:05:14","date_gmt":"2021-12-15T07:05:14","guid":{"rendered":"https:\/\/alpiste.co.cr\/product\/llenado-dec-cherry-kirsch\/"},"modified":"2022-07-30T08:57:11","modified_gmt":"2022-07-30T02:57:11","slug":"llenado-dec-cherry-kirsch","status":"publish","type":"product","link":"https:\/\/alpiste.co.cr\/en\/product\/llenado-dec-cherry-kirsch\/","title":{"rendered":"Llenado Dec. Cherry Kirsch"},"content":{"rendered":"<p>https:\/\/alpiste.co.cr\/product\/llenado-dec-cherry-kirsch\/<\/p>","protected":false},"excerpt":{"rendered":"<p>Densa y dulce con una nota ligeramente \u00e1cida, esta encantadora salsa de cerezas con piezas tentadoras autom\u00e1ticamente hace que cualquier postre sea notablemente m\u00e1s agradable.<\/p>","protected":false},"featured_media":0,"comment_status":"closed","ping_status":"open","template":"","meta":{"_acf_changed":false},"product_cat":[394,573],"product_tag":[],"pais-productos":[38],"marca-productos":[574],"acf":[],"_links":{"self":[{"href":"https:\/\/alpiste.co.cr\/en\/wp-json\/wp\/v2\/product\/4782"}],"collection":[{"href":"https:\/\/alpiste.co.cr\/en\/wp-json\/wp\/v2\/product"}],"about":[{"href":"https:\/\/alpiste.co.cr\/en\/wp-json\/wp\/v2\/types\/product"}],"replies":[{"embeddable":true,"href":"https:\/\/alpiste.co.cr\/en\/wp-json\/wp\/v2\/comments?post=4782"}],"wp:attachment":[{"href":"https:\/\/alpiste.co.cr\/en\/wp-json\/wp\/v2\/media?parent=4782"}],"wp:term":[{"taxonomy":"product_cat","embeddable":true,"href":"https:\/\/alpiste.co.cr\/en\/wp-json\/wp\/v2\/product_cat?post=4782"},{"taxonomy":"product_tag","embeddable":true,"href":"https:\/\/alpiste.co.cr\/en\/wp-json\/wp\/v2\/product_tag?post=4782"},{"taxonomy":"pais-productos","embeddable":true,"href":"https:\/\/alpiste.co.cr\/en\/wp-json\/wp\/v2\/pais-productos?post=4782"},{"taxonomy":"marca-productos","embeddable":true,"href":"https:\/\/alpiste.co.cr\/en\/wp-json\/wp\/v2\/marca-productos?post=4782"}],"curies":[{"name":"wp","href":"https:\/\/api.w.org\/{rel}","templated":true}]}}