{"id":4764,"date":"2021-12-15T13:05:09","date_gmt":"2021-12-15T07:05:09","guid":{"rendered":"https:\/\/alpiste.co.cr\/product\/toppins-caramelo\/"},"modified":"2022-07-30T08:57:08","modified_gmt":"2022-07-30T02:57:08","slug":"toppins-caramelo","status":"publish","type":"product","link":"https:\/\/alpiste.co.cr\/en\/product\/toppins-caramelo\/","title":{"rendered":"Toppins Caramelo  10106   1 Kg"},"content":{"rendered":"<p>https:\/\/alpiste.co.cr\/product\/toppins-caramelo\/<\/p>","protected":false},"excerpt":{"rendered":"<p>Casi cualquier cosa caramelizada es instant\u00e1neamente atractiva, y m\u00e1s a\u00fan cuando se trata de az\u00facar caramelizada.\u00a0Esta robusta cobertura agrega un toque extra de encanto a cualquier postre.<\/p>","protected":false},"featured_media":3617,"comment_status":"closed","ping_status":"open","template":"","meta":{"_acf_changed":false},"product_cat":[394,573],"product_tag":[],"pais-productos":[38],"marca-productos":[574],"acf":[],"_links":{"self":[{"href":"https:\/\/alpiste.co.cr\/en\/wp-json\/wp\/v2\/product\/4764"}],"collection":[{"href":"https:\/\/alpiste.co.cr\/en\/wp-json\/wp\/v2\/product"}],"about":[{"href":"https:\/\/alpiste.co.cr\/en\/wp-json\/wp\/v2\/types\/product"}],"replies":[{"embeddable":true,"href":"https:\/\/alpiste.co.cr\/en\/wp-json\/wp\/v2\/comments?post=4764"}],"wp:featuredmedia":[{"embeddable":true,"href":"https:\/\/alpiste.co.cr\/en\/wp-json\/wp\/v2\/media\/3617"}],"wp:attachment":[{"href":"https:\/\/alpiste.co.cr\/en\/wp-json\/wp\/v2\/media?parent=4764"}],"wp:term":[{"taxonomy":"product_cat","embeddable":true,"href":"https:\/\/alpiste.co.cr\/en\/wp-json\/wp\/v2\/product_cat?post=4764"},{"taxonomy":"product_tag","embeddable":true,"href":"https:\/\/alpiste.co.cr\/en\/wp-json\/wp\/v2\/product_tag?post=4764"},{"taxonomy":"pais-productos","embeddable":true,"href":"https:\/\/alpiste.co.cr\/en\/wp-json\/wp\/v2\/pais-productos?post=4764"},{"taxonomy":"marca-productos","embeddable":true,"href":"https:\/\/alpiste.co.cr\/en\/wp-json\/wp\/v2\/marca-productos?post=4764"}],"curies":[{"name":"wp","href":"https:\/\/api.w.org\/{rel}","templated":true}]}}