{"id":4737,"date":"2021-12-15T13:05:03","date_gmt":"2021-12-15T07:05:03","guid":{"rendered":"https:\/\/alpiste.co.cr\/product\/forte-frut-kiwi\/"},"modified":"2022-07-30T08:57:07","modified_gmt":"2022-07-30T02:57:07","slug":"forte-frut-kiwi","status":"publish","type":"product","link":"https:\/\/alpiste.co.cr\/en\/product\/forte-frut-kiwi\/","title":{"rendered":"Forte Frut Kiwi  46172  3 Kg"},"content":{"rendered":"<p>https:\/\/alpiste.co.cr\/product\/forte-frut-kiwi\/<\/p>","protected":false},"excerpt":{"rendered":"<p>Nuestro Kiwi Fortefrutto\u00ae est\u00e1 elaborado con kiwi aut\u00e9ntico, lo que le da un sabor dulce y \u00e1cido que se puede disfrutar durante todo el a\u00f1o.<\/p>","protected":false},"featured_media":3583,"comment_status":"closed","ping_status":"open","template":"","meta":{"_acf_changed":false},"product_cat":[394,573],"product_tag":[],"pais-productos":[38],"marca-productos":[574],"acf":[],"_links":{"self":[{"href":"https:\/\/alpiste.co.cr\/en\/wp-json\/wp\/v2\/product\/4737"}],"collection":[{"href":"https:\/\/alpiste.co.cr\/en\/wp-json\/wp\/v2\/product"}],"about":[{"href":"https:\/\/alpiste.co.cr\/en\/wp-json\/wp\/v2\/types\/product"}],"replies":[{"embeddable":true,"href":"https:\/\/alpiste.co.cr\/en\/wp-json\/wp\/v2\/comments?post=4737"}],"wp:featuredmedia":[{"embeddable":true,"href":"https:\/\/alpiste.co.cr\/en\/wp-json\/wp\/v2\/media\/3583"}],"wp:attachment":[{"href":"https:\/\/alpiste.co.cr\/en\/wp-json\/wp\/v2\/media?parent=4737"}],"wp:term":[{"taxonomy":"product_cat","embeddable":true,"href":"https:\/\/alpiste.co.cr\/en\/wp-json\/wp\/v2\/product_cat?post=4737"},{"taxonomy":"product_tag","embeddable":true,"href":"https:\/\/alpiste.co.cr\/en\/wp-json\/wp\/v2\/product_tag?post=4737"},{"taxonomy":"pais-productos","embeddable":true,"href":"https:\/\/alpiste.co.cr\/en\/wp-json\/wp\/v2\/pais-productos?post=4737"},{"taxonomy":"marca-productos","embeddable":true,"href":"https:\/\/alpiste.co.cr\/en\/wp-json\/wp\/v2\/marca-productos?post=4737"}],"curies":[{"name":"wp","href":"https:\/\/api.w.org\/{rel}","templated":true}]}}