{"id":4731,"date":"2021-12-15T13:05:03","date_gmt":"2021-12-15T07:05:03","guid":{"rendered":"https:\/\/alpiste.co.cr\/product\/llenado-dec-choc-coriandolina\/"},"modified":"2022-07-30T08:57:04","modified_gmt":"2022-07-30T02:57:04","slug":"llenado-dec-choc-coriandolina","status":"publish","type":"product","link":"https:\/\/alpiste.co.cr\/en\/product\/llenado-dec-choc-coriandolina\/","title":{"rendered":"Llenado Dec. Choc. Coriandolina (90602)"},"content":{"rendered":"<p>https:\/\/alpiste.co.cr\/product\/llenado-dec-choc-coriandolina\/<\/p>","protected":false},"excerpt":{"rendered":"<p>Paletas heladas, brochetas de frutas, paletas de manzana, bombones, paletas de pretzel y m\u00e1s.\u00a0Recubrimiento de coriandolina de PreGel: el chocolate es una pasta s\u00f3lida innovadora que se derrite en forma l\u00edquida cuando se calienta, lo que permite sumergir la creaci\u00f3n culinaria de su elecci\u00f3n a su gusto y, al enfriarse, se endurece en una deliciosa capa de chocolate negro que agrega m\u00e1s profundidad a cada delicia imaginativa. Cobertura para postres fr\u00edos o a temperatura ambiente con sabor a chocolate ligeramente amargo. Ideal para decoraciones. <\/p>","protected":false},"featured_media":3589,"comment_status":"closed","ping_status":"open","template":"","meta":{"_acf_changed":false},"product_cat":[394,573],"product_tag":[],"pais-productos":[38],"marca-productos":[574],"acf":[],"_links":{"self":[{"href":"https:\/\/alpiste.co.cr\/en\/wp-json\/wp\/v2\/product\/4731"}],"collection":[{"href":"https:\/\/alpiste.co.cr\/en\/wp-json\/wp\/v2\/product"}],"about":[{"href":"https:\/\/alpiste.co.cr\/en\/wp-json\/wp\/v2\/types\/product"}],"replies":[{"embeddable":true,"href":"https:\/\/alpiste.co.cr\/en\/wp-json\/wp\/v2\/comments?post=4731"}],"wp:featuredmedia":[{"embeddable":true,"href":"https:\/\/alpiste.co.cr\/en\/wp-json\/wp\/v2\/media\/3589"}],"wp:attachment":[{"href":"https:\/\/alpiste.co.cr\/en\/wp-json\/wp\/v2\/media?parent=4731"}],"wp:term":[{"taxonomy":"product_cat","embeddable":true,"href":"https:\/\/alpiste.co.cr\/en\/wp-json\/wp\/v2\/product_cat?post=4731"},{"taxonomy":"product_tag","embeddable":true,"href":"https:\/\/alpiste.co.cr\/en\/wp-json\/wp\/v2\/product_tag?post=4731"},{"taxonomy":"pais-productos","embeddable":true,"href":"https:\/\/alpiste.co.cr\/en\/wp-json\/wp\/v2\/pais-productos?post=4731"},{"taxonomy":"marca-productos","embeddable":true,"href":"https:\/\/alpiste.co.cr\/en\/wp-json\/wp\/v2\/marca-productos?post=4731"}],"curies":[{"name":"wp","href":"https:\/\/api.w.org\/{rel}","templated":true}]}}