{"id":4728,"date":"2021-12-15T13:05:03","date_gmt":"2021-12-15T07:05:03","guid":{"rendered":"https:\/\/alpiste.co.cr\/product\/pasta-trad-torrone-miel-y-almendra\/"},"modified":"2022-07-30T08:57:04","modified_gmt":"2022-07-30T02:57:04","slug":"pasta-trad-torrone-miel-y-almendra","status":"publish","type":"product","link":"https:\/\/alpiste.co.cr\/en\/product\/pasta-trad-torrone-miel-y-almendra\/","title":{"rendered":"Pasta Trad. Torrone (Miel Y Almendra)  52102  4 Kg"},"content":{"rendered":"<p>https:\/\/alpiste.co.cr\/product\/pasta-trad-torrone-miel-y-almendra\/<\/p>","protected":false},"excerpt":{"rendered":"<p>Siguiendo el modelo de un postre tradicional que se sirve durante la temporada navide\u00f1a en Italia y Europa, esta deliciosa pasta combina miel, az\u00facar y aut\u00e9nticos pistachos y avellanas italianos para crear otro delicioso cl\u00e1sico. Aplicaci\u00f3n: Affogatos, Cocktails, Concretes, Frozen Beverage, Frozen Custard, Frozen Yogurt, Gelato, Helado Suave, Helado Tradicional, Hot Drinks, Milkshakes, Pasteler\u00eda, Sherbet.<\/p>","protected":false},"featured_media":3604,"comment_status":"closed","ping_status":"open","template":"","meta":{"_acf_changed":false},"product_cat":[394,573],"product_tag":[],"pais-productos":[38],"marca-productos":[574],"acf":[],"_links":{"self":[{"href":"https:\/\/alpiste.co.cr\/en\/wp-json\/wp\/v2\/product\/4728"}],"collection":[{"href":"https:\/\/alpiste.co.cr\/en\/wp-json\/wp\/v2\/product"}],"about":[{"href":"https:\/\/alpiste.co.cr\/en\/wp-json\/wp\/v2\/types\/product"}],"replies":[{"embeddable":true,"href":"https:\/\/alpiste.co.cr\/en\/wp-json\/wp\/v2\/comments?post=4728"}],"wp:featuredmedia":[{"embeddable":true,"href":"https:\/\/alpiste.co.cr\/en\/wp-json\/wp\/v2\/media\/3604"}],"wp:attachment":[{"href":"https:\/\/alpiste.co.cr\/en\/wp-json\/wp\/v2\/media?parent=4728"}],"wp:term":[{"taxonomy":"product_cat","embeddable":true,"href":"https:\/\/alpiste.co.cr\/en\/wp-json\/wp\/v2\/product_cat?post=4728"},{"taxonomy":"product_tag","embeddable":true,"href":"https:\/\/alpiste.co.cr\/en\/wp-json\/wp\/v2\/product_tag?post=4728"},{"taxonomy":"pais-productos","embeddable":true,"href":"https:\/\/alpiste.co.cr\/en\/wp-json\/wp\/v2\/pais-productos?post=4728"},{"taxonomy":"marca-productos","embeddable":true,"href":"https:\/\/alpiste.co.cr\/en\/wp-json\/wp\/v2\/marca-productos?post=4728"}],"curies":[{"name":"wp","href":"https:\/\/api.w.org\/{rel}","templated":true}]}}