{"id":4716,"date":"2021-12-15T13:04:58","date_gmt":"2021-12-15T07:04:58","guid":{"rendered":"https:\/\/alpiste.co.cr\/product\/super-sprint-manzana-verde\/"},"modified":"2022-07-30T08:57:03","modified_gmt":"2022-07-30T02:57:03","slug":"super-sprint-manzana-verde","status":"publish","type":"product","link":"https:\/\/alpiste.co.cr\/en\/product\/super-sprint-manzana-verde\/","title":{"rendered":"Super Sprint Manzana Verde 22001   1.1 Kg"},"content":{"rendered":"<p>https:\/\/alpiste.co.cr\/product\/super-sprint-manzana-verde\/<\/p>","protected":false},"excerpt":{"rendered":"<p>Jugosa y dulce con el atributo deseable de matices \u00e1cidos, la manzana verde es un trampol\u00edn para una multitud de postres cl\u00e1sicos y de moda.\u00a0Cultiva tu men\u00fa para brindar la esencia de una de las delicias m\u00e1s destacadas de la Madre Naturaleza, teniendo en cuenta que una manzana al d\u00eda hace que los clientes se queden. Proceso fr\u00edo.<\/p>","protected":false},"featured_media":3614,"comment_status":"closed","ping_status":"open","template":"","meta":{"_acf_changed":false},"product_cat":[394,573],"product_tag":[],"pais-productos":[38],"marca-productos":[574],"acf":[],"_links":{"self":[{"href":"https:\/\/alpiste.co.cr\/en\/wp-json\/wp\/v2\/product\/4716"}],"collection":[{"href":"https:\/\/alpiste.co.cr\/en\/wp-json\/wp\/v2\/product"}],"about":[{"href":"https:\/\/alpiste.co.cr\/en\/wp-json\/wp\/v2\/types\/product"}],"replies":[{"embeddable":true,"href":"https:\/\/alpiste.co.cr\/en\/wp-json\/wp\/v2\/comments?post=4716"}],"wp:featuredmedia":[{"embeddable":true,"href":"https:\/\/alpiste.co.cr\/en\/wp-json\/wp\/v2\/media\/3614"}],"wp:attachment":[{"href":"https:\/\/alpiste.co.cr\/en\/wp-json\/wp\/v2\/media?parent=4716"}],"wp:term":[{"taxonomy":"product_cat","embeddable":true,"href":"https:\/\/alpiste.co.cr\/en\/wp-json\/wp\/v2\/product_cat?post=4716"},{"taxonomy":"product_tag","embeddable":true,"href":"https:\/\/alpiste.co.cr\/en\/wp-json\/wp\/v2\/product_tag?post=4716"},{"taxonomy":"pais-productos","embeddable":true,"href":"https:\/\/alpiste.co.cr\/en\/wp-json\/wp\/v2\/pais-productos?post=4716"},{"taxonomy":"marca-productos","embeddable":true,"href":"https:\/\/alpiste.co.cr\/en\/wp-json\/wp\/v2\/marca-productos?post=4716"}],"curies":[{"name":"wp","href":"https:\/\/api.w.org\/{rel}","templated":true}]}}