{"id":4707,"date":"2021-12-15T07:04:58","date_gmt":"2021-12-15T07:04:58","guid":{"rendered":"https:\/\/alpiste.co.cr\/product\/copa-plastica-pequena\/"},"modified":"2022-07-30T08:57:03","modified_gmt":"2022-07-30T02:57:03","slug":"copa-plastica-pequena","status":"publish","type":"product","link":"https:\/\/alpiste.co.cr\/en\/product\/copa-plastica-pequena\/","title":{"rendered":"Copa Plastica Peque\u00f1a"},"content":{"rendered":"<p>https:\/\/alpiste.co.cr\/product\/copa-plastica-pequena\/<\/p>","protected":false},"excerpt":{"rendered":"<p>Nuestro vaso de pl\u00e1stico &#8220;Formafina&#8221; m\u00e1s peque\u00f1o es de 100 cc (aproximadamente 3,0 oz) y es de color naranja transl\u00facido.\u00a0Debido a que los vasos Formafina est\u00e1n compuestos de un pl\u00e1stico de alta calidad, no se agrietan ni se rompen f\u00e1cilmente.\u00a0Dise\u00f1ado especialmente para su mano, el dise\u00f1o circular retorcido y helado a\u00f1aden agarre, especialmente importante cuando se trata de postres congelados. Abertura circular con fondo sectagonal.\u00a0Fabricado en EE. UU.<\/p>","protected":false},"featured_media":0,"comment_status":"closed","ping_status":"open","template":"","meta":{"_acf_changed":false},"product_cat":[394,573],"product_tag":[],"pais-productos":[38],"marca-productos":[574],"acf":[],"_links":{"self":[{"href":"https:\/\/alpiste.co.cr\/en\/wp-json\/wp\/v2\/product\/4707"}],"collection":[{"href":"https:\/\/alpiste.co.cr\/en\/wp-json\/wp\/v2\/product"}],"about":[{"href":"https:\/\/alpiste.co.cr\/en\/wp-json\/wp\/v2\/types\/product"}],"replies":[{"embeddable":true,"href":"https:\/\/alpiste.co.cr\/en\/wp-json\/wp\/v2\/comments?post=4707"}],"wp:attachment":[{"href":"https:\/\/alpiste.co.cr\/en\/wp-json\/wp\/v2\/media?parent=4707"}],"wp:term":[{"taxonomy":"product_cat","embeddable":true,"href":"https:\/\/alpiste.co.cr\/en\/wp-json\/wp\/v2\/product_cat?post=4707"},{"taxonomy":"product_tag","embeddable":true,"href":"https:\/\/alpiste.co.cr\/en\/wp-json\/wp\/v2\/product_tag?post=4707"},{"taxonomy":"pais-productos","embeddable":true,"href":"https:\/\/alpiste.co.cr\/en\/wp-json\/wp\/v2\/pais-productos?post=4707"},{"taxonomy":"marca-productos","embeddable":true,"href":"https:\/\/alpiste.co.cr\/en\/wp-json\/wp\/v2\/marca-productos?post=4707"}],"curies":[{"name":"wp","href":"https:\/\/api.w.org\/{rel}","templated":true}]}}