{"id":4674,"date":"2021-12-15T13:04:47","date_gmt":"2021-12-15T07:04:47","guid":{"rendered":"https:\/\/alpiste.co.cr\/product\/base-fibraplus\/"},"modified":"2022-07-30T08:56:59","modified_gmt":"2022-07-30T02:56:59","slug":"base-fibraplus","status":"publish","type":"product","link":"https:\/\/alpiste.co.cr\/en\/product\/base-fibraplus\/","title":{"rendered":"Base Fibraplus 1.5Kg   (00404)"},"content":{"rendered":"<p>https:\/\/alpiste.co.cr\/product\/base-fibraplus\/<\/p>","protected":false},"excerpt":{"rendered":"<p>La inclusi\u00f3n de fibra es un elemento b\u00e1sico en las tendencias de consumo.\u00a0Este producto a base de fibra de proceso fr\u00edo y caliente de baja dosis mejora la estructura del helado, reduciendo el brillo, haci\u00e9ndolo m\u00e1s cremoso, m\u00e1s compacto y mejorando el contenido nutricional.<\/p>","protected":false},"featured_media":3578,"comment_status":"closed","ping_status":"open","template":"","meta":{"_acf_changed":false},"product_cat":[394,573],"product_tag":[],"pais-productos":[38],"marca-productos":[574],"acf":[],"_links":{"self":[{"href":"https:\/\/alpiste.co.cr\/en\/wp-json\/wp\/v2\/product\/4674"}],"collection":[{"href":"https:\/\/alpiste.co.cr\/en\/wp-json\/wp\/v2\/product"}],"about":[{"href":"https:\/\/alpiste.co.cr\/en\/wp-json\/wp\/v2\/types\/product"}],"replies":[{"embeddable":true,"href":"https:\/\/alpiste.co.cr\/en\/wp-json\/wp\/v2\/comments?post=4674"}],"wp:featuredmedia":[{"embeddable":true,"href":"https:\/\/alpiste.co.cr\/en\/wp-json\/wp\/v2\/media\/3578"}],"wp:attachment":[{"href":"https:\/\/alpiste.co.cr\/en\/wp-json\/wp\/v2\/media?parent=4674"}],"wp:term":[{"taxonomy":"product_cat","embeddable":true,"href":"https:\/\/alpiste.co.cr\/en\/wp-json\/wp\/v2\/product_cat?post=4674"},{"taxonomy":"product_tag","embeddable":true,"href":"https:\/\/alpiste.co.cr\/en\/wp-json\/wp\/v2\/product_tag?post=4674"},{"taxonomy":"pais-productos","embeddable":true,"href":"https:\/\/alpiste.co.cr\/en\/wp-json\/wp\/v2\/pais-productos?post=4674"},{"taxonomy":"marca-productos","embeddable":true,"href":"https:\/\/alpiste.co.cr\/en\/wp-json\/wp\/v2\/marca-productos?post=4674"}],"curies":[{"name":"wp","href":"https:\/\/api.w.org\/{rel}","templated":true}]}}