{"id":4668,"date":"2021-12-15T13:04:47","date_gmt":"2021-12-15T07:04:47","guid":{"rendered":"https:\/\/alpiste.co.cr\/product\/super-sprint-cheesecake\/"},"modified":"2022-07-30T08:56:58","modified_gmt":"2022-07-30T02:56:58","slug":"super-sprint-cheesecake","status":"publish","type":"product","link":"https:\/\/alpiste.co.cr\/en\/product\/super-sprint-cheesecake\/","title":{"rendered":"Super Sprint Cheesecake (05901)  920 Grs"},"content":{"rendered":"<p>https:\/\/alpiste.co.cr\/product\/super-sprint-cheesecake\/<\/p>","protected":false},"excerpt":{"rendered":"<p>Un alimento b\u00e1sico estadounidense en cada men\u00fa de postres, esta irresistible mezcla de sabor de queso fresco, az\u00facar y huevos se captura perfectamente en esta base aromatizada.\u00a0Perfecto para condimentar, cubrir o agregar inclusiones, de cualquier forma que lo corte, sus clientes se lo agradecer\u00e1n.<\/p>","protected":false},"featured_media":3616,"comment_status":"closed","ping_status":"open","template":"","meta":{"_acf_changed":false},"product_cat":[394,573],"product_tag":[],"pais-productos":[38],"marca-productos":[574],"acf":[],"_links":{"self":[{"href":"https:\/\/alpiste.co.cr\/en\/wp-json\/wp\/v2\/product\/4668"}],"collection":[{"href":"https:\/\/alpiste.co.cr\/en\/wp-json\/wp\/v2\/product"}],"about":[{"href":"https:\/\/alpiste.co.cr\/en\/wp-json\/wp\/v2\/types\/product"}],"replies":[{"embeddable":true,"href":"https:\/\/alpiste.co.cr\/en\/wp-json\/wp\/v2\/comments?post=4668"}],"wp:featuredmedia":[{"embeddable":true,"href":"https:\/\/alpiste.co.cr\/en\/wp-json\/wp\/v2\/media\/3616"}],"wp:attachment":[{"href":"https:\/\/alpiste.co.cr\/en\/wp-json\/wp\/v2\/media?parent=4668"}],"wp:term":[{"taxonomy":"product_cat","embeddable":true,"href":"https:\/\/alpiste.co.cr\/en\/wp-json\/wp\/v2\/product_cat?post=4668"},{"taxonomy":"product_tag","embeddable":true,"href":"https:\/\/alpiste.co.cr\/en\/wp-json\/wp\/v2\/product_tag?post=4668"},{"taxonomy":"pais-productos","embeddable":true,"href":"https:\/\/alpiste.co.cr\/en\/wp-json\/wp\/v2\/pais-productos?post=4668"},{"taxonomy":"marca-productos","embeddable":true,"href":"https:\/\/alpiste.co.cr\/en\/wp-json\/wp\/v2\/marca-productos?post=4668"}],"curies":[{"name":"wp","href":"https:\/\/api.w.org\/{rel}","templated":true}]}}