{"id":4629,"date":"2021-12-15T13:04:37","date_gmt":"2021-12-15T07:04:37","guid":{"rendered":"https:\/\/alpiste.co.cr\/product\/lomo-de-cerdo-curado-porxas\/"},"modified":"2022-07-30T08:56:54","modified_gmt":"2022-07-30T02:56:54","slug":"lomo-de-cerdo-curado-porxas","status":"publish","type":"product","link":"https:\/\/alpiste.co.cr\/en\/product\/lomo-de-cerdo-curado-porxas\/","title":{"rendered":"Lomo De Cerdo Curado Porxas 1K Gf"},"content":{"rendered":"<p>https:\/\/alpiste.co.cr\/product\/lomo-de-cerdo-curado-porxas\/<\/p>","protected":false},"excerpt":{"rendered":"<p>Porxas con el objetivo de satisfacer las necesidades que el mercado plantea, combina m\u00e9todos tradicionales y alta tecnolog\u00eda. Del proceso de curaci\u00f3n, lento y natural, unido a una cuidada selecci\u00f3n de materias primas, obtiene una extensa gama de productos de calidad reconocida.<\/p>","protected":false},"featured_media":3548,"comment_status":"closed","ping_status":"open","template":"","meta":{"_acf_changed":false},"product_cat":[394,396],"product_tag":[],"pais-productos":[85],"marca-productos":[570],"acf":[],"_links":{"self":[{"href":"https:\/\/alpiste.co.cr\/en\/wp-json\/wp\/v2\/product\/4629"}],"collection":[{"href":"https:\/\/alpiste.co.cr\/en\/wp-json\/wp\/v2\/product"}],"about":[{"href":"https:\/\/alpiste.co.cr\/en\/wp-json\/wp\/v2\/types\/product"}],"replies":[{"embeddable":true,"href":"https:\/\/alpiste.co.cr\/en\/wp-json\/wp\/v2\/comments?post=4629"}],"wp:featuredmedia":[{"embeddable":true,"href":"https:\/\/alpiste.co.cr\/en\/wp-json\/wp\/v2\/media\/3548"}],"wp:attachment":[{"href":"https:\/\/alpiste.co.cr\/en\/wp-json\/wp\/v2\/media?parent=4629"}],"wp:term":[{"taxonomy":"product_cat","embeddable":true,"href":"https:\/\/alpiste.co.cr\/en\/wp-json\/wp\/v2\/product_cat?post=4629"},{"taxonomy":"product_tag","embeddable":true,"href":"https:\/\/alpiste.co.cr\/en\/wp-json\/wp\/v2\/product_tag?post=4629"},{"taxonomy":"pais-productos","embeddable":true,"href":"https:\/\/alpiste.co.cr\/en\/wp-json\/wp\/v2\/pais-productos?post=4629"},{"taxonomy":"marca-productos","embeddable":true,"href":"https:\/\/alpiste.co.cr\/en\/wp-json\/wp\/v2\/marca-productos?post=4629"}],"curies":[{"name":"wp","href":"https:\/\/api.w.org\/{rel}","templated":true}]}}