{"id":4611,"date":"2021-12-15T13:04:32","date_gmt":"2021-12-15T07:04:32","guid":{"rendered":"https:\/\/alpiste.co.cr\/product\/prosciutto-s-daniele-negroni\/"},"modified":"2022-08-22T20:00:19","modified_gmt":"2022-08-22T14:00:19","slug":"prosciutto-s-daniele-negroni","status":"publish","type":"product","link":"https:\/\/alpiste.co.cr\/en\/product\/prosciutto-s-daniele-negroni\/","title":{"rendered":"Prosciutto S. Daniele Negroni"},"content":{"rendered":"<p>https:\/\/alpiste.co.cr\/product\/prosciutto-s-daniele-negroni\/<\/p>","protected":false},"excerpt":{"rendered":"<p>100% carne Italiana (pierna de cerdo). No tiene otros ingredientes m\u00e1s que sal.Curado en seco en un \u00e1rea geogr\u00e1fica estrictamente definida (San Daniele del Friuli<\/p>","protected":false},"featured_media":3530,"comment_status":"closed","ping_status":"closed","template":"","meta":{"_acf_changed":false},"product_cat":[394,396],"product_tag":[],"pais-productos":[38],"marca-productos":[566],"acf":[],"_links":{"self":[{"href":"https:\/\/alpiste.co.cr\/en\/wp-json\/wp\/v2\/product\/4611"}],"collection":[{"href":"https:\/\/alpiste.co.cr\/en\/wp-json\/wp\/v2\/product"}],"about":[{"href":"https:\/\/alpiste.co.cr\/en\/wp-json\/wp\/v2\/types\/product"}],"replies":[{"embeddable":true,"href":"https:\/\/alpiste.co.cr\/en\/wp-json\/wp\/v2\/comments?post=4611"}],"wp:featuredmedia":[{"embeddable":true,"href":"https:\/\/alpiste.co.cr\/en\/wp-json\/wp\/v2\/media\/3530"}],"wp:attachment":[{"href":"https:\/\/alpiste.co.cr\/en\/wp-json\/wp\/v2\/media?parent=4611"}],"wp:term":[{"taxonomy":"product_cat","embeddable":true,"href":"https:\/\/alpiste.co.cr\/en\/wp-json\/wp\/v2\/product_cat?post=4611"},{"taxonomy":"product_tag","embeddable":true,"href":"https:\/\/alpiste.co.cr\/en\/wp-json\/wp\/v2\/product_tag?post=4611"},{"taxonomy":"pais-productos","embeddable":true,"href":"https:\/\/alpiste.co.cr\/en\/wp-json\/wp\/v2\/pais-productos?post=4611"},{"taxonomy":"marca-productos","embeddable":true,"href":"https:\/\/alpiste.co.cr\/en\/wp-json\/wp\/v2\/marca-productos?post=4611"}],"curies":[{"name":"wp","href":"https:\/\/api.w.org\/{rel}","templated":true}]}}