{"id":4608,"date":"2021-12-15T13:04:32","date_gmt":"2021-12-15T07:04:32","guid":{"rendered":"https:\/\/alpiste.co.cr\/product\/natural-sins-hojuela-pina-jengibre\/"},"modified":"2022-12-22T22:33:14","modified_gmt":"2022-12-22T16:33:14","slug":"natural-sins-hojuela-pina-jengibre","status":"publish","type":"product","link":"https:\/\/alpiste.co.cr\/en\/product\/natural-sins-hojuela-pina-jengibre\/","title":{"rendered":"Natural Sins Hojuela Pi\u00f1a Jengibre 28G Gf"},"content":{"rendered":"<p>https:\/\/alpiste.co.cr\/product\/natural-sins-hojuela-pina-jengibre\/<\/p>","protected":false},"excerpt":{"rendered":"<p>Se produce una explosi\u00f3n de sabor con el maridaje entre la pi\u00f1a dulce y el toque picante que le da el jengibre. Trozos de jengibre rallado acompa\u00f1an la dulzura de la pi\u00f1a tropical<\/p>","protected":false},"featured_media":3377,"comment_status":"closed","ping_status":"open","template":"","meta":{"_acf_changed":false},"product_cat":[394,449],"product_tag":[],"pais-productos":[562],"marca-productos":[564],"acf":[],"_links":{"self":[{"href":"https:\/\/alpiste.co.cr\/en\/wp-json\/wp\/v2\/product\/4608"}],"collection":[{"href":"https:\/\/alpiste.co.cr\/en\/wp-json\/wp\/v2\/product"}],"about":[{"href":"https:\/\/alpiste.co.cr\/en\/wp-json\/wp\/v2\/types\/product"}],"replies":[{"embeddable":true,"href":"https:\/\/alpiste.co.cr\/en\/wp-json\/wp\/v2\/comments?post=4608"}],"wp:featuredmedia":[{"embeddable":true,"href":"https:\/\/alpiste.co.cr\/en\/wp-json\/wp\/v2\/media\/3377"}],"wp:attachment":[{"href":"https:\/\/alpiste.co.cr\/en\/wp-json\/wp\/v2\/media?parent=4608"}],"wp:term":[{"taxonomy":"product_cat","embeddable":true,"href":"https:\/\/alpiste.co.cr\/en\/wp-json\/wp\/v2\/product_cat?post=4608"},{"taxonomy":"product_tag","embeddable":true,"href":"https:\/\/alpiste.co.cr\/en\/wp-json\/wp\/v2\/product_tag?post=4608"},{"taxonomy":"pais-productos","embeddable":true,"href":"https:\/\/alpiste.co.cr\/en\/wp-json\/wp\/v2\/pais-productos?post=4608"},{"taxonomy":"marca-productos","embeddable":true,"href":"https:\/\/alpiste.co.cr\/en\/wp-json\/wp\/v2\/marca-productos?post=4608"}],"curies":[{"name":"wp","href":"https:\/\/api.w.org\/{rel}","templated":true}]}}