{"id":4551,"date":"2021-12-15T13:04:16","date_gmt":"2021-12-15T07:04:16","guid":{"rendered":"https:\/\/alpiste.co.cr\/product\/cafe-en-grano-etiopia\/"},"modified":"2022-12-22T22:36:35","modified_gmt":"2022-12-22T16:36:35","slug":"cafe-en-grano-etiopia","status":"publish","type":"product","link":"https:\/\/alpiste.co.cr\/en\/product\/cafe-en-grano-etiopia\/","title":{"rendered":"Cafe En Grano Etiopia 250Gr"},"content":{"rendered":"<p>https:\/\/alpiste.co.cr\/product\/cafe-en-grano-etiopia\/<\/p>","protected":false},"excerpt":{"rendered":"<p>Parece que el caf\u00e9 es originario de Etiop\u00eda: all\u00ed crece espont\u00e1neamente un caf\u00e9 Ar\u00e1bica con un aroma delicado y notas florales de jazm\u00edn<\/p>","protected":false},"featured_media":3481,"comment_status":"closed","ping_status":"open","template":"","meta":{"_acf_changed":false},"product_cat":[394,552],"product_tag":[],"pais-productos":[38],"marca-productos":[553],"acf":[],"_links":{"self":[{"href":"https:\/\/alpiste.co.cr\/en\/wp-json\/wp\/v2\/product\/4551"}],"collection":[{"href":"https:\/\/alpiste.co.cr\/en\/wp-json\/wp\/v2\/product"}],"about":[{"href":"https:\/\/alpiste.co.cr\/en\/wp-json\/wp\/v2\/types\/product"}],"replies":[{"embeddable":true,"href":"https:\/\/alpiste.co.cr\/en\/wp-json\/wp\/v2\/comments?post=4551"}],"wp:featuredmedia":[{"embeddable":true,"href":"https:\/\/alpiste.co.cr\/en\/wp-json\/wp\/v2\/media\/3481"}],"wp:attachment":[{"href":"https:\/\/alpiste.co.cr\/en\/wp-json\/wp\/v2\/media?parent=4551"}],"wp:term":[{"taxonomy":"product_cat","embeddable":true,"href":"https:\/\/alpiste.co.cr\/en\/wp-json\/wp\/v2\/product_cat?post=4551"},{"taxonomy":"product_tag","embeddable":true,"href":"https:\/\/alpiste.co.cr\/en\/wp-json\/wp\/v2\/product_tag?post=4551"},{"taxonomy":"pais-productos","embeddable":true,"href":"https:\/\/alpiste.co.cr\/en\/wp-json\/wp\/v2\/pais-productos?post=4551"},{"taxonomy":"marca-productos","embeddable":true,"href":"https:\/\/alpiste.co.cr\/en\/wp-json\/wp\/v2\/marca-productos?post=4551"}],"curies":[{"name":"wp","href":"https:\/\/api.w.org\/{rel}","templated":true}]}}