{"id":4530,"date":"2021-12-15T07:04:10","date_gmt":"2021-12-15T07:04:10","guid":{"rendered":"https:\/\/alpiste.co.cr\/product\/crema-chantilly-halta\/"},"modified":"2024-07-03T23:14:46","modified_gmt":"2024-07-03T17:14:46","slug":"crema-chantilly-halta","status":"publish","type":"product","link":"https:\/\/alpiste.co.cr\/en\/product\/crema-chantilly-halta\/","title":{"rendered":"Crema Chantilly Halta"},"content":{"rendered":"<p>https:\/\/alpiste.co.cr\/product\/crema-chantilly-halta\/<\/p>","protected":false},"excerpt":{"rendered":"<p>Crema vegetal dulce tipo chantilly en spray. Ideal para caf\u00e9s, batidas, helados, decorar postres o como guarnici\u00f3n. Ligero: bajo contenido en grasas. Muy digestible: no contiene almid\u00f3n. Polivalente y f\u00e1cil de batir. Gran sabor con delicado sabor a leche.<\/p>","protected":false},"featured_media":7347,"comment_status":"closed","ping_status":"closed","template":"","meta":{"_acf_changed":false},"product_cat":[394,442],"product_tag":[],"pais-productos":[38],"marca-productos":[547],"acf":[],"_links":{"self":[{"href":"https:\/\/alpiste.co.cr\/en\/wp-json\/wp\/v2\/product\/4530"}],"collection":[{"href":"https:\/\/alpiste.co.cr\/en\/wp-json\/wp\/v2\/product"}],"about":[{"href":"https:\/\/alpiste.co.cr\/en\/wp-json\/wp\/v2\/types\/product"}],"replies":[{"embeddable":true,"href":"https:\/\/alpiste.co.cr\/en\/wp-json\/wp\/v2\/comments?post=4530"}],"wp:featuredmedia":[{"embeddable":true,"href":"https:\/\/alpiste.co.cr\/en\/wp-json\/wp\/v2\/media\/7347"}],"wp:attachment":[{"href":"https:\/\/alpiste.co.cr\/en\/wp-json\/wp\/v2\/media?parent=4530"}],"wp:term":[{"taxonomy":"product_cat","embeddable":true,"href":"https:\/\/alpiste.co.cr\/en\/wp-json\/wp\/v2\/product_cat?post=4530"},{"taxonomy":"product_tag","embeddable":true,"href":"https:\/\/alpiste.co.cr\/en\/wp-json\/wp\/v2\/product_tag?post=4530"},{"taxonomy":"pais-productos","embeddable":true,"href":"https:\/\/alpiste.co.cr\/en\/wp-json\/wp\/v2\/pais-productos?post=4530"},{"taxonomy":"marca-productos","embeddable":true,"href":"https:\/\/alpiste.co.cr\/en\/wp-json\/wp\/v2\/marca-productos?post=4530"}],"curies":[{"name":"wp","href":"https:\/\/api.w.org\/{rel}","templated":true}]}}