{"id":4523,"date":"2021-12-15T07:04:05","date_gmt":"2021-12-15T07:04:05","guid":{"rendered":"https:\/\/alpiste.co.cr\/product\/preparado-base-halta-cucina\/"},"modified":"2024-07-03T23:29:30","modified_gmt":"2024-07-03T17:29:30","slug":"preparado-base-halta-cucina","status":"publish","type":"product","link":"https:\/\/alpiste.co.cr\/en\/product\/preparado-base-halta-cucina\/","title":{"rendered":"Preparado base Halta cucina"},"content":{"rendered":"<p>https:\/\/alpiste.co.cr\/product\/preparado-base-halta-cucina\/<\/p>","protected":false},"excerpt":{"rendered":"<p>Genial en casa, en catering profesional y en pizzer\u00eda. Para todos los usos culinarios: pasta, tortellini, lasa\u00f1a, salsas, salsas y terciopelos. Ligero: bajo contenido en grasas. Muy digestible: no contiene almid\u00f3n. Sabroso y cremoso. No contiene grasas hidrogenadas.<\/p>","protected":false},"featured_media":7351,"comment_status":"closed","ping_status":"closed","template":"","meta":{"_acf_changed":false},"product_cat":[394,433],"product_tag":[],"pais-productos":[38],"marca-productos":[547],"acf":[],"_links":{"self":[{"href":"https:\/\/alpiste.co.cr\/en\/wp-json\/wp\/v2\/product\/4523"}],"collection":[{"href":"https:\/\/alpiste.co.cr\/en\/wp-json\/wp\/v2\/product"}],"about":[{"href":"https:\/\/alpiste.co.cr\/en\/wp-json\/wp\/v2\/types\/product"}],"replies":[{"embeddable":true,"href":"https:\/\/alpiste.co.cr\/en\/wp-json\/wp\/v2\/comments?post=4523"}],"wp:featuredmedia":[{"embeddable":true,"href":"https:\/\/alpiste.co.cr\/en\/wp-json\/wp\/v2\/media\/7351"}],"wp:attachment":[{"href":"https:\/\/alpiste.co.cr\/en\/wp-json\/wp\/v2\/media?parent=4523"}],"wp:term":[{"taxonomy":"product_cat","embeddable":true,"href":"https:\/\/alpiste.co.cr\/en\/wp-json\/wp\/v2\/product_cat?post=4523"},{"taxonomy":"product_tag","embeddable":true,"href":"https:\/\/alpiste.co.cr\/en\/wp-json\/wp\/v2\/product_tag?post=4523"},{"taxonomy":"pais-productos","embeddable":true,"href":"https:\/\/alpiste.co.cr\/en\/wp-json\/wp\/v2\/pais-productos?post=4523"},{"taxonomy":"marca-productos","embeddable":true,"href":"https:\/\/alpiste.co.cr\/en\/wp-json\/wp\/v2\/marca-productos?post=4523"}],"curies":[{"name":"wp","href":"https:\/\/api.w.org\/{rel}","templated":true}]}}