{"id":4517,"date":"2021-12-15T07:04:05","date_gmt":"2021-12-15T07:04:05","guid":{"rendered":"https:\/\/alpiste.co.cr\/product\/u-queso-gran-moravia\/"},"modified":"2022-07-30T08:56:46","modified_gmt":"2022-07-30T02:56:46","slug":"u-queso-gran-moravia","status":"publish","type":"product","link":"https:\/\/alpiste.co.cr\/en\/product\/u-queso-gran-moravia\/","title":{"rendered":"U. Queso Gran Moravia"},"content":{"rendered":"<p>https:\/\/alpiste.co.cr\/product\/u-queso-gran-moravia\/<\/p>","protected":false},"excerpt":{"rendered":"<p>Queso medio en grasa, duro, de pasta cocida, la leche de vaca proviene de dos orde\u00f1os diarios. la cadena de trazabilidad &#8220;Gran Moravia&#8221; est\u00e1 certificada por DNV seg\u00fan UNI EN ISO 22005: 2008<\/p>\n<p>Pasta dura y quebradiza, con un color blanco, notas gustativas t\u00edpicas del queso curado, intenso pero agradable.<\/p>","protected":false},"featured_media":0,"comment_status":"closed","ping_status":"open","template":"","meta":{"_acf_changed":false},"product_cat":[394,396],"product_tag":[],"pais-productos":[38],"marca-productos":[546],"acf":[],"_links":{"self":[{"href":"https:\/\/alpiste.co.cr\/en\/wp-json\/wp\/v2\/product\/4517"}],"collection":[{"href":"https:\/\/alpiste.co.cr\/en\/wp-json\/wp\/v2\/product"}],"about":[{"href":"https:\/\/alpiste.co.cr\/en\/wp-json\/wp\/v2\/types\/product"}],"replies":[{"embeddable":true,"href":"https:\/\/alpiste.co.cr\/en\/wp-json\/wp\/v2\/comments?post=4517"}],"wp:attachment":[{"href":"https:\/\/alpiste.co.cr\/en\/wp-json\/wp\/v2\/media?parent=4517"}],"wp:term":[{"taxonomy":"product_cat","embeddable":true,"href":"https:\/\/alpiste.co.cr\/en\/wp-json\/wp\/v2\/product_cat?post=4517"},{"taxonomy":"product_tag","embeddable":true,"href":"https:\/\/alpiste.co.cr\/en\/wp-json\/wp\/v2\/product_tag?post=4517"},{"taxonomy":"pais-productos","embeddable":true,"href":"https:\/\/alpiste.co.cr\/en\/wp-json\/wp\/v2\/pais-productos?post=4517"},{"taxonomy":"marca-productos","embeddable":true,"href":"https:\/\/alpiste.co.cr\/en\/wp-json\/wp\/v2\/marca-productos?post=4517"}],"curies":[{"name":"wp","href":"https:\/\/api.w.org\/{rel}","templated":true}]}}