{"id":4511,"date":"2021-12-15T13:04:05","date_gmt":"2021-12-15T07:04:05","guid":{"rendered":"https:\/\/alpiste.co.cr\/product\/aceitunas-rellenas-de-jamon-serrano\/"},"modified":"2022-07-30T08:56:45","modified_gmt":"2022-07-30T02:56:45","slug":"aceitunas-rellenas-de-jamon-serrano","status":"publish","type":"product","link":"https:\/\/alpiste.co.cr\/en\/product\/aceitunas-rellenas-de-jamon-serrano\/","title":{"rendered":"Aceitunas Rellenas De Jamon Serrano  340G  (1566)"},"content":{"rendered":"<p>https:\/\/alpiste.co.cr\/product\/aceitunas-rellenas-de-jamon-serrano\/<\/p>","protected":false},"excerpt":{"rendered":"<p>Las aceitunas Goya son conocidas por su extraordinario sabor y textura firme, tra\u00eddas de las mejores aceitunas de Andalucia, Espa\u00f1a, cultivadas, rellenas y listas para tu conveniencia. Las aceitunas son una opci\u00f3n perfecta para cocteles, bocaditos, o como refrigerio.<\/p>","protected":false},"featured_media":3389,"comment_status":"closed","ping_status":"open","template":"","meta":{"_acf_changed":false},"product_cat":[394,421],"product_tag":[],"pais-productos":[237],"marca-productos":[487],"acf":[],"_links":{"self":[{"href":"https:\/\/alpiste.co.cr\/en\/wp-json\/wp\/v2\/product\/4511"}],"collection":[{"href":"https:\/\/alpiste.co.cr\/en\/wp-json\/wp\/v2\/product"}],"about":[{"href":"https:\/\/alpiste.co.cr\/en\/wp-json\/wp\/v2\/types\/product"}],"replies":[{"embeddable":true,"href":"https:\/\/alpiste.co.cr\/en\/wp-json\/wp\/v2\/comments?post=4511"}],"wp:featuredmedia":[{"embeddable":true,"href":"https:\/\/alpiste.co.cr\/en\/wp-json\/wp\/v2\/media\/3389"}],"wp:attachment":[{"href":"https:\/\/alpiste.co.cr\/en\/wp-json\/wp\/v2\/media?parent=4511"}],"wp:term":[{"taxonomy":"product_cat","embeddable":true,"href":"https:\/\/alpiste.co.cr\/en\/wp-json\/wp\/v2\/product_cat?post=4511"},{"taxonomy":"product_tag","embeddable":true,"href":"https:\/\/alpiste.co.cr\/en\/wp-json\/wp\/v2\/product_tag?post=4511"},{"taxonomy":"pais-productos","embeddable":true,"href":"https:\/\/alpiste.co.cr\/en\/wp-json\/wp\/v2\/pais-productos?post=4511"},{"taxonomy":"marca-productos","embeddable":true,"href":"https:\/\/alpiste.co.cr\/en\/wp-json\/wp\/v2\/marca-productos?post=4511"}],"curies":[{"name":"wp","href":"https:\/\/api.w.org\/{rel}","templated":true}]}}