{"id":4505,"date":"2021-12-15T13:04:05","date_gmt":"2021-12-15T07:04:05","guid":{"rendered":"https:\/\/alpiste.co.cr\/product\/chips-tiras-de-platano-goya\/"},"modified":"2022-07-30T08:56:42","modified_gmt":"2022-07-30T02:56:42","slug":"chips-tiras-de-platano-goya","status":"publish","type":"product","link":"https:\/\/alpiste.co.cr\/en\/product\/chips-tiras-de-platano-goya\/","title":{"rendered":"Chips Tiras De Platano Goya Original 99G (4934) Gf"},"content":{"rendered":"<p>https:\/\/alpiste.co.cr\/product\/chips-tiras-de-platano-goya\/<\/p>","protected":false},"excerpt":{"rendered":"<p>\u00a1Los cl\u00e1sicos! Los\u00a0Chips\u00a0de Pl\u00e1tanos en Tiras\u00a0son la versi\u00f3n original de este crujiente y delicioso favorito. Disfr\u00fatelos por s\u00ed solos como un exquisito\u00a0snack\u00a0a cualquier hora del d\u00eda, o s\u00edrvalos junto con\u00a0dips, salsas, guacamole, ceviches, y muchas m\u00e1s recetas. <\/p>","protected":false},"featured_media":3401,"comment_status":"closed","ping_status":"open","template":"","meta":{"_acf_changed":false},"product_cat":[394,449],"product_tag":[],"pais-productos":[237],"marca-productos":[487],"acf":[],"_links":{"self":[{"href":"https:\/\/alpiste.co.cr\/en\/wp-json\/wp\/v2\/product\/4505"}],"collection":[{"href":"https:\/\/alpiste.co.cr\/en\/wp-json\/wp\/v2\/product"}],"about":[{"href":"https:\/\/alpiste.co.cr\/en\/wp-json\/wp\/v2\/types\/product"}],"replies":[{"embeddable":true,"href":"https:\/\/alpiste.co.cr\/en\/wp-json\/wp\/v2\/comments?post=4505"}],"wp:featuredmedia":[{"embeddable":true,"href":"https:\/\/alpiste.co.cr\/en\/wp-json\/wp\/v2\/media\/3401"}],"wp:attachment":[{"href":"https:\/\/alpiste.co.cr\/en\/wp-json\/wp\/v2\/media?parent=4505"}],"wp:term":[{"taxonomy":"product_cat","embeddable":true,"href":"https:\/\/alpiste.co.cr\/en\/wp-json\/wp\/v2\/product_cat?post=4505"},{"taxonomy":"product_tag","embeddable":true,"href":"https:\/\/alpiste.co.cr\/en\/wp-json\/wp\/v2\/product_tag?post=4505"},{"taxonomy":"pais-productos","embeddable":true,"href":"https:\/\/alpiste.co.cr\/en\/wp-json\/wp\/v2\/pais-productos?post=4505"},{"taxonomy":"marca-productos","embeddable":true,"href":"https:\/\/alpiste.co.cr\/en\/wp-json\/wp\/v2\/marca-productos?post=4505"}],"curies":[{"name":"wp","href":"https:\/\/api.w.org\/{rel}","templated":true}]}}