{"id":4460,"date":"2021-12-15T13:03:49","date_gmt":"2021-12-15T07:03:49","guid":{"rendered":"https:\/\/alpiste.co.cr\/product\/pulpo-premium-en-aceite-de-oliva-goya\/"},"modified":"2022-07-30T08:56:38","modified_gmt":"2022-07-30T02:56:38","slug":"pulpo-premium-en-aceite-de-oliva-goya","status":"publish","type":"product","link":"https:\/\/alpiste.co.cr\/en\/product\/pulpo-premium-en-aceite-de-oliva-goya\/","title":{"rendered":"Pulpo Premium En Aceite De Oliva  Goya 113G (3669)"},"content":{"rendered":"<p>https:\/\/alpiste.co.cr\/product\/pulpo-premium-en-aceite-de-oliva-goya\/<\/p>","protected":false},"excerpt":{"rendered":"<p>Puede crear deliciosos y ex\u00f3ticos platos, como una aut\u00e9ntica paella de mariscos espa\u00f1ola, en tan solo unos minutos. <\/p>","protected":false},"featured_media":3449,"comment_status":"closed","ping_status":"open","template":"","meta":{"_acf_changed":false},"product_cat":[394,534],"product_tag":[],"pais-productos":[237],"marca-productos":[487],"acf":[],"_links":{"self":[{"href":"https:\/\/alpiste.co.cr\/en\/wp-json\/wp\/v2\/product\/4460"}],"collection":[{"href":"https:\/\/alpiste.co.cr\/en\/wp-json\/wp\/v2\/product"}],"about":[{"href":"https:\/\/alpiste.co.cr\/en\/wp-json\/wp\/v2\/types\/product"}],"replies":[{"embeddable":true,"href":"https:\/\/alpiste.co.cr\/en\/wp-json\/wp\/v2\/comments?post=4460"}],"wp:featuredmedia":[{"embeddable":true,"href":"https:\/\/alpiste.co.cr\/en\/wp-json\/wp\/v2\/media\/3449"}],"wp:attachment":[{"href":"https:\/\/alpiste.co.cr\/en\/wp-json\/wp\/v2\/media?parent=4460"}],"wp:term":[{"taxonomy":"product_cat","embeddable":true,"href":"https:\/\/alpiste.co.cr\/en\/wp-json\/wp\/v2\/product_cat?post=4460"},{"taxonomy":"product_tag","embeddable":true,"href":"https:\/\/alpiste.co.cr\/en\/wp-json\/wp\/v2\/product_tag?post=4460"},{"taxonomy":"pais-productos","embeddable":true,"href":"https:\/\/alpiste.co.cr\/en\/wp-json\/wp\/v2\/pais-productos?post=4460"},{"taxonomy":"marca-productos","embeddable":true,"href":"https:\/\/alpiste.co.cr\/en\/wp-json\/wp\/v2\/marca-productos?post=4460"}],"curies":[{"name":"wp","href":"https:\/\/api.w.org\/{rel}","templated":true}]}}