{"id":4428,"date":"2021-12-15T13:03:43","date_gmt":"2021-12-15T07:03:43","guid":{"rendered":"https:\/\/alpiste.co.cr\/product\/chips-de-platano-original-goya\/"},"modified":"2022-07-30T08:56:36","modified_gmt":"2022-07-30T02:56:36","slug":"chips-de-platano-original-goya","status":"publish","type":"product","link":"https:\/\/alpiste.co.cr\/en\/product\/chips-de-platano-original-goya\/","title":{"rendered":"Chips De Platano Original Goya  142G (4925) Gf"},"content":{"rendered":"<p>https:\/\/alpiste.co.cr\/product\/chips-de-platano-original-goya\/<\/p>","protected":false},"excerpt":{"rendered":"<p>\u00a1Los cl\u00e1sicos! Los\u00a0Chips\u00a0de Pl\u00e1tanos son la versi\u00f3n original de este crujiente y delicioso favorito. Disfr\u00fatelos por s\u00ed solos como un exquisito\u00a0snack\u00a0a cualquier hora del d\u00eda, o s\u00edrvalos junto con\u00a0dips, salsas, guacamole, ceviches, y muchas m\u00e1s recetas. <\/p>","protected":false},"featured_media":3399,"comment_status":"closed","ping_status":"open","template":"","meta":{"_acf_changed":false},"product_cat":[394,449],"product_tag":[],"pais-productos":[237],"marca-productos":[487],"acf":[],"_links":{"self":[{"href":"https:\/\/alpiste.co.cr\/en\/wp-json\/wp\/v2\/product\/4428"}],"collection":[{"href":"https:\/\/alpiste.co.cr\/en\/wp-json\/wp\/v2\/product"}],"about":[{"href":"https:\/\/alpiste.co.cr\/en\/wp-json\/wp\/v2\/types\/product"}],"replies":[{"embeddable":true,"href":"https:\/\/alpiste.co.cr\/en\/wp-json\/wp\/v2\/comments?post=4428"}],"wp:featuredmedia":[{"embeddable":true,"href":"https:\/\/alpiste.co.cr\/en\/wp-json\/wp\/v2\/media\/3399"}],"wp:attachment":[{"href":"https:\/\/alpiste.co.cr\/en\/wp-json\/wp\/v2\/media?parent=4428"}],"wp:term":[{"taxonomy":"product_cat","embeddable":true,"href":"https:\/\/alpiste.co.cr\/en\/wp-json\/wp\/v2\/product_cat?post=4428"},{"taxonomy":"product_tag","embeddable":true,"href":"https:\/\/alpiste.co.cr\/en\/wp-json\/wp\/v2\/product_tag?post=4428"},{"taxonomy":"pais-productos","embeddable":true,"href":"https:\/\/alpiste.co.cr\/en\/wp-json\/wp\/v2\/pais-productos?post=4428"},{"taxonomy":"marca-productos","embeddable":true,"href":"https:\/\/alpiste.co.cr\/en\/wp-json\/wp\/v2\/marca-productos?post=4428"}],"curies":[{"name":"wp","href":"https:\/\/api.w.org\/{rel}","templated":true}]}}