{"id":4359,"date":"2021-12-15T13:03:23","date_gmt":"2021-12-15T07:03:23","guid":{"rendered":"https:\/\/alpiste.co.cr\/product\/goya-pimiento-piquillo-fancy-pimientos\/"},"modified":"2022-12-22T22:34:53","modified_gmt":"2022-12-22T16:34:53","slug":"goya-pimiento-piquillo-fancy-pimientos","status":"publish","type":"product","link":"https:\/\/alpiste.co.cr\/en\/product\/goya-pimiento-piquillo-fancy-pimientos\/","title":{"rendered":"Pimiento Piquillo 200 Gr (3920)"},"content":{"rendered":"<p>https:\/\/alpiste.co.cr\/product\/goya-pimiento-piquillo-fancy-pimientos\/<\/p>","protected":false},"excerpt":{"rendered":"<p>Pimiento Piquillo. Son de color rojo y un tama\u00f1o peque\u00f1o y se caracterizan adem\u00e1s por su sabor intenso<\/p>","protected":false},"featured_media":3362,"comment_status":"closed","ping_status":"open","template":"","meta":{"_acf_changed":false},"product_cat":[394,421],"product_tag":[],"pais-productos":[237],"marca-productos":[487],"acf":[],"_links":{"self":[{"href":"https:\/\/alpiste.co.cr\/en\/wp-json\/wp\/v2\/product\/4359"}],"collection":[{"href":"https:\/\/alpiste.co.cr\/en\/wp-json\/wp\/v2\/product"}],"about":[{"href":"https:\/\/alpiste.co.cr\/en\/wp-json\/wp\/v2\/types\/product"}],"replies":[{"embeddable":true,"href":"https:\/\/alpiste.co.cr\/en\/wp-json\/wp\/v2\/comments?post=4359"}],"wp:featuredmedia":[{"embeddable":true,"href":"https:\/\/alpiste.co.cr\/en\/wp-json\/wp\/v2\/media\/3362"}],"wp:attachment":[{"href":"https:\/\/alpiste.co.cr\/en\/wp-json\/wp\/v2\/media?parent=4359"}],"wp:term":[{"taxonomy":"product_cat","embeddable":true,"href":"https:\/\/alpiste.co.cr\/en\/wp-json\/wp\/v2\/product_cat?post=4359"},{"taxonomy":"product_tag","embeddable":true,"href":"https:\/\/alpiste.co.cr\/en\/wp-json\/wp\/v2\/product_tag?post=4359"},{"taxonomy":"pais-productos","embeddable":true,"href":"https:\/\/alpiste.co.cr\/en\/wp-json\/wp\/v2\/pais-productos?post=4359"},{"taxonomy":"marca-productos","embeddable":true,"href":"https:\/\/alpiste.co.cr\/en\/wp-json\/wp\/v2\/marca-productos?post=4359"}],"curies":[{"name":"wp","href":"https:\/\/api.w.org\/{rel}","templated":true}]}}