{"id":4353,"date":"2021-12-15T13:03:23","date_gmt":"2021-12-15T07:03:23","guid":{"rendered":"https:\/\/alpiste.co.cr\/product\/goya-quinoa-tricolor\/"},"modified":"2022-12-22T22:34:53","modified_gmt":"2022-12-22T16:34:53","slug":"goya-quinoa-tricolor","status":"publish","type":"product","link":"https:\/\/alpiste.co.cr\/en\/product\/goya-quinoa-tricolor\/","title":{"rendered":"Quinoa Tricolor Goya 340Gr (5927) Gf"},"content":{"rendered":"<p>https:\/\/alpiste.co.cr\/product\/goya-quinoa-tricolor\/<\/p>","protected":false},"excerpt":{"rendered":"<p>La quinua es un grano 100% integral, que adem\u00e1s es 100% delicioso y nutritivo. Es un s\u00faper grano natural y extremadamente vers\u00e1til que puede ser el perfecto sustituto del arroz, las pastas y el cusc\u00fas. <\/p>","protected":false},"featured_media":3343,"comment_status":"closed","ping_status":"open","template":"","meta":{"_acf_changed":false},"product_cat":[394,410],"product_tag":[],"pais-productos":[237],"marca-productos":[487],"acf":[],"_links":{"self":[{"href":"https:\/\/alpiste.co.cr\/en\/wp-json\/wp\/v2\/product\/4353"}],"collection":[{"href":"https:\/\/alpiste.co.cr\/en\/wp-json\/wp\/v2\/product"}],"about":[{"href":"https:\/\/alpiste.co.cr\/en\/wp-json\/wp\/v2\/types\/product"}],"replies":[{"embeddable":true,"href":"https:\/\/alpiste.co.cr\/en\/wp-json\/wp\/v2\/comments?post=4353"}],"wp:featuredmedia":[{"embeddable":true,"href":"https:\/\/alpiste.co.cr\/en\/wp-json\/wp\/v2\/media\/3343"}],"wp:attachment":[{"href":"https:\/\/alpiste.co.cr\/en\/wp-json\/wp\/v2\/media?parent=4353"}],"wp:term":[{"taxonomy":"product_cat","embeddable":true,"href":"https:\/\/alpiste.co.cr\/en\/wp-json\/wp\/v2\/product_cat?post=4353"},{"taxonomy":"product_tag","embeddable":true,"href":"https:\/\/alpiste.co.cr\/en\/wp-json\/wp\/v2\/product_tag?post=4353"},{"taxonomy":"pais-productos","embeddable":true,"href":"https:\/\/alpiste.co.cr\/en\/wp-json\/wp\/v2\/pais-productos?post=4353"},{"taxonomy":"marca-productos","embeddable":true,"href":"https:\/\/alpiste.co.cr\/en\/wp-json\/wp\/v2\/marca-productos?post=4353"}],"curies":[{"name":"wp","href":"https:\/\/api.w.org\/{rel}","templated":true}]}}