{"id":4330,"date":"2021-12-15T07:03:17","date_gmt":"2021-12-15T07:03:17","guid":{"rendered":"https:\/\/alpiste.co.cr\/product\/goya-naranja-agria-bitter-orange-marinade\/"},"modified":"2022-07-30T08:56:25","modified_gmt":"2022-07-30T02:56:25","slug":"goya-naranja-agria-bitter-orange-marinade","status":"publish","type":"product","link":"https:\/\/alpiste.co.cr\/en\/product\/goya-naranja-agria-bitter-orange-marinade\/","title":{"rendered":"Goya Naranja Agria (Bitter Orange Marinade)"},"content":{"rendered":"<p>https:\/\/alpiste.co.cr\/product\/goya-naranja-agria-bitter-orange-marinade\/<\/p>","protected":false},"excerpt":{"rendered":"<p>Sabor c\u00edtrico, perfecta para todo tipo de carnes, pescados y mariscos; simplemente c\u00fabrelas con esta pr\u00e1ctica marinada y deja reposar antes de cocinar.<\/p>","protected":false},"featured_media":3295,"comment_status":"closed","ping_status":"open","template":"","meta":{"_acf_changed":false},"product_cat":[394,433],"product_tag":[],"pais-productos":[237],"marca-productos":[487],"acf":[],"_links":{"self":[{"href":"https:\/\/alpiste.co.cr\/en\/wp-json\/wp\/v2\/product\/4330"}],"collection":[{"href":"https:\/\/alpiste.co.cr\/en\/wp-json\/wp\/v2\/product"}],"about":[{"href":"https:\/\/alpiste.co.cr\/en\/wp-json\/wp\/v2\/types\/product"}],"replies":[{"embeddable":true,"href":"https:\/\/alpiste.co.cr\/en\/wp-json\/wp\/v2\/comments?post=4330"}],"wp:featuredmedia":[{"embeddable":true,"href":"https:\/\/alpiste.co.cr\/en\/wp-json\/wp\/v2\/media\/3295"}],"wp:attachment":[{"href":"https:\/\/alpiste.co.cr\/en\/wp-json\/wp\/v2\/media?parent=4330"}],"wp:term":[{"taxonomy":"product_cat","embeddable":true,"href":"https:\/\/alpiste.co.cr\/en\/wp-json\/wp\/v2\/product_cat?post=4330"},{"taxonomy":"product_tag","embeddable":true,"href":"https:\/\/alpiste.co.cr\/en\/wp-json\/wp\/v2\/product_tag?post=4330"},{"taxonomy":"pais-productos","embeddable":true,"href":"https:\/\/alpiste.co.cr\/en\/wp-json\/wp\/v2\/pais-productos?post=4330"},{"taxonomy":"marca-productos","embeddable":true,"href":"https:\/\/alpiste.co.cr\/en\/wp-json\/wp\/v2\/marca-productos?post=4330"}],"curies":[{"name":"wp","href":"https:\/\/api.w.org\/{rel}","templated":true}]}}