{"id":4327,"date":"2021-12-15T13:03:17","date_gmt":"2021-12-15T07:03:17","guid":{"rendered":"https:\/\/alpiste.co.cr\/product\/goya-endulzante-organico-blue-agave\/"},"modified":"2022-12-22T22:34:50","modified_gmt":"2022-12-22T16:34:50","slug":"goya-endulzante-organico-blue-agave","status":"publish","type":"product","link":"https:\/\/alpiste.co.cr\/en\/product\/goya-endulzante-organico-blue-agave\/","title":{"rendered":"Endulzante Org. Blue Agave 328G Goya (3205)"},"content":{"rendered":"<p>https:\/\/alpiste.co.cr\/product\/goya-endulzante-organico-blue-agave\/<\/p>","protected":false},"excerpt":{"rendered":"<p>Ideal para agregar un toque dulce a bebidas y postres. Adem\u00e1s, est\u00e1n certificados por la USDA, lo que significa que est\u00e1n libres de pesticidas t\u00f3xicos, fertilizantes sint\u00e9ticos, colores artificiales y son No-GMO.<\/p>","protected":false},"featured_media":3493,"comment_status":"closed","ping_status":"open","template":"","meta":{"_acf_changed":false},"product_cat":[394,467],"product_tag":[],"pais-productos":[237],"marca-productos":[487],"acf":[],"_links":{"self":[{"href":"https:\/\/alpiste.co.cr\/en\/wp-json\/wp\/v2\/product\/4327"}],"collection":[{"href":"https:\/\/alpiste.co.cr\/en\/wp-json\/wp\/v2\/product"}],"about":[{"href":"https:\/\/alpiste.co.cr\/en\/wp-json\/wp\/v2\/types\/product"}],"replies":[{"embeddable":true,"href":"https:\/\/alpiste.co.cr\/en\/wp-json\/wp\/v2\/comments?post=4327"}],"wp:featuredmedia":[{"embeddable":true,"href":"https:\/\/alpiste.co.cr\/en\/wp-json\/wp\/v2\/media\/3493"}],"wp:attachment":[{"href":"https:\/\/alpiste.co.cr\/en\/wp-json\/wp\/v2\/media?parent=4327"}],"wp:term":[{"taxonomy":"product_cat","embeddable":true,"href":"https:\/\/alpiste.co.cr\/en\/wp-json\/wp\/v2\/product_cat?post=4327"},{"taxonomy":"product_tag","embeddable":true,"href":"https:\/\/alpiste.co.cr\/en\/wp-json\/wp\/v2\/product_tag?post=4327"},{"taxonomy":"pais-productos","embeddable":true,"href":"https:\/\/alpiste.co.cr\/en\/wp-json\/wp\/v2\/pais-productos?post=4327"},{"taxonomy":"marca-productos","embeddable":true,"href":"https:\/\/alpiste.co.cr\/en\/wp-json\/wp\/v2\/marca-productos?post=4327"}],"curies":[{"name":"wp","href":"https:\/\/api.w.org\/{rel}","templated":true}]}}