{"id":4271,"date":"2021-12-15T07:03:02","date_gmt":"2021-12-15T07:03:02","guid":{"rendered":"https:\/\/alpiste.co.cr\/product\/goya-frijoles-negros-organicos-organic-black-beans\/"},"modified":"2022-07-30T08:56:20","modified_gmt":"2022-07-30T02:56:20","slug":"goya-frijoles-negros-organicos-organic-black-beans","status":"publish","type":"product","link":"https:\/\/alpiste.co.cr\/en\/product\/goya-frijoles-negros-organicos-organic-black-beans\/","title":{"rendered":"Goya Frijoles Negros Org\u00e1nicos (Organic Black Beans)"},"content":{"rendered":"<p>https:\/\/alpiste.co.cr\/product\/goya-frijoles-negros-organicos-organic-black-beans\/<\/p>","protected":false},"excerpt":{"rendered":"<p>Frijoles Negros Org\u00e1nicos, en su versi\u00f3n org\u00e1nica y baja en sodio. Estos deliciosos y cremosos frijoles son un cl\u00e1sico de la cocina Latinoamericana, vienen ya listos para ser parte de un sinf\u00edn de recetas; s\u00f3lo abre la lata y disfr\u00fatalos en tus recetas preferidas.<\/p>","protected":false},"featured_media":3312,"comment_status":"closed","ping_status":"open","template":"","meta":{"_acf_changed":false},"product_cat":[394,410],"product_tag":[],"pais-productos":[237],"marca-productos":[487],"acf":[],"_links":{"self":[{"href":"https:\/\/alpiste.co.cr\/en\/wp-json\/wp\/v2\/product\/4271"}],"collection":[{"href":"https:\/\/alpiste.co.cr\/en\/wp-json\/wp\/v2\/product"}],"about":[{"href":"https:\/\/alpiste.co.cr\/en\/wp-json\/wp\/v2\/types\/product"}],"replies":[{"embeddable":true,"href":"https:\/\/alpiste.co.cr\/en\/wp-json\/wp\/v2\/comments?post=4271"}],"wp:featuredmedia":[{"embeddable":true,"href":"https:\/\/alpiste.co.cr\/en\/wp-json\/wp\/v2\/media\/3312"}],"wp:attachment":[{"href":"https:\/\/alpiste.co.cr\/en\/wp-json\/wp\/v2\/media?parent=4271"}],"wp:term":[{"taxonomy":"product_cat","embeddable":true,"href":"https:\/\/alpiste.co.cr\/en\/wp-json\/wp\/v2\/product_cat?post=4271"},{"taxonomy":"product_tag","embeddable":true,"href":"https:\/\/alpiste.co.cr\/en\/wp-json\/wp\/v2\/product_tag?post=4271"},{"taxonomy":"pais-productos","embeddable":true,"href":"https:\/\/alpiste.co.cr\/en\/wp-json\/wp\/v2\/pais-productos?post=4271"},{"taxonomy":"marca-productos","embeddable":true,"href":"https:\/\/alpiste.co.cr\/en\/wp-json\/wp\/v2\/marca-productos?post=4271"}],"curies":[{"name":"wp","href":"https:\/\/api.w.org\/{rel}","templated":true}]}}