{"id":4262,"date":"2021-12-15T13:02:56","date_gmt":"2021-12-15T07:02:56","guid":{"rendered":"https:\/\/alpiste.co.cr\/product\/goya-alcaparras-en-agua-capers-nonpareilles\/"},"modified":"2022-12-22T22:34:40","modified_gmt":"2022-12-22T16:34:40","slug":"goya-alcaparras-en-agua-capers-nonpareilles","status":"publish","type":"product","link":"https:\/\/alpiste.co.cr\/en\/product\/goya-alcaparras-en-agua-capers-nonpareilles\/","title":{"rendered":"Alcaparras Peque\u00f1as En Agua 71 Gr (1370)"},"content":{"rendered":"<p>https:\/\/alpiste.co.cr\/product\/goya-alcaparras-en-agua-capers-nonpareilles\/<\/p>","protected":false},"excerpt":{"rendered":"<p>Alcaparras espa\u00f1olas son de la m\u00e1s alta calidad y est\u00e1n repletas de sabor.<\/p>","protected":false},"featured_media":3355,"comment_status":"closed","ping_status":"open","template":"","meta":{"_acf_changed":false},"product_cat":[394,421],"product_tag":[],"pais-productos":[237],"marca-productos":[487],"acf":[],"_links":{"self":[{"href":"https:\/\/alpiste.co.cr\/en\/wp-json\/wp\/v2\/product\/4262"}],"collection":[{"href":"https:\/\/alpiste.co.cr\/en\/wp-json\/wp\/v2\/product"}],"about":[{"href":"https:\/\/alpiste.co.cr\/en\/wp-json\/wp\/v2\/types\/product"}],"replies":[{"embeddable":true,"href":"https:\/\/alpiste.co.cr\/en\/wp-json\/wp\/v2\/comments?post=4262"}],"wp:featuredmedia":[{"embeddable":true,"href":"https:\/\/alpiste.co.cr\/en\/wp-json\/wp\/v2\/media\/3355"}],"wp:attachment":[{"href":"https:\/\/alpiste.co.cr\/en\/wp-json\/wp\/v2\/media?parent=4262"}],"wp:term":[{"taxonomy":"product_cat","embeddable":true,"href":"https:\/\/alpiste.co.cr\/en\/wp-json\/wp\/v2\/product_cat?post=4262"},{"taxonomy":"product_tag","embeddable":true,"href":"https:\/\/alpiste.co.cr\/en\/wp-json\/wp\/v2\/product_tag?post=4262"},{"taxonomy":"pais-productos","embeddable":true,"href":"https:\/\/alpiste.co.cr\/en\/wp-json\/wp\/v2\/pais-productos?post=4262"},{"taxonomy":"marca-productos","embeddable":true,"href":"https:\/\/alpiste.co.cr\/en\/wp-json\/wp\/v2\/marca-productos?post=4262"}],"curies":[{"name":"wp","href":"https:\/\/api.w.org\/{rel}","templated":true}]}}