{"id":4168,"date":"2021-12-15T13:02:36","date_gmt":"2021-12-15T07:02:36","guid":{"rendered":"https:\/\/alpiste.co.cr\/product\/filippo-berio-pesto-verde-classic-pesto\/"},"modified":"2022-12-22T22:35:24","modified_gmt":"2022-12-22T16:35:24","slug":"filippo-berio-pesto-verde-classic-pesto","status":"publish","type":"product","link":"https:\/\/alpiste.co.cr\/en\/product\/filippo-berio-pesto-verde-classic-pesto\/","title":{"rendered":"Pesto Verde Berio 180 Gr"},"content":{"rendered":"<p>https:\/\/alpiste.co.cr\/product\/filippo-berio-pesto-verde-classic-pesto\/<\/p>","protected":false},"excerpt":{"rendered":"<p>Hecho con una receta tradicional genovesa, este cl\u00e1sico pesto verde est\u00e1 lleno de sabor a albahaca reci\u00e9n cortada.\u00a0Agr\u00e9guelo a pastas, s\u00e1ndwiches y m\u00e1s para satisfacer incluso los paladares m\u00e1s exigentes.<\/p>","protected":false},"featured_media":3363,"comment_status":"closed","ping_status":"open","template":"","meta":{"_acf_changed":false},"product_cat":[394,433],"product_tag":[],"pais-productos":[38],"marca-productos":[483],"acf":[],"_links":{"self":[{"href":"https:\/\/alpiste.co.cr\/en\/wp-json\/wp\/v2\/product\/4168"}],"collection":[{"href":"https:\/\/alpiste.co.cr\/en\/wp-json\/wp\/v2\/product"}],"about":[{"href":"https:\/\/alpiste.co.cr\/en\/wp-json\/wp\/v2\/types\/product"}],"replies":[{"embeddable":true,"href":"https:\/\/alpiste.co.cr\/en\/wp-json\/wp\/v2\/comments?post=4168"}],"wp:featuredmedia":[{"embeddable":true,"href":"https:\/\/alpiste.co.cr\/en\/wp-json\/wp\/v2\/media\/3363"}],"wp:attachment":[{"href":"https:\/\/alpiste.co.cr\/en\/wp-json\/wp\/v2\/media?parent=4168"}],"wp:term":[{"taxonomy":"product_cat","embeddable":true,"href":"https:\/\/alpiste.co.cr\/en\/wp-json\/wp\/v2\/product_cat?post=4168"},{"taxonomy":"product_tag","embeddable":true,"href":"https:\/\/alpiste.co.cr\/en\/wp-json\/wp\/v2\/product_tag?post=4168"},{"taxonomy":"pais-productos","embeddable":true,"href":"https:\/\/alpiste.co.cr\/en\/wp-json\/wp\/v2\/pais-productos?post=4168"},{"taxonomy":"marca-productos","embeddable":true,"href":"https:\/\/alpiste.co.cr\/en\/wp-json\/wp\/v2\/marca-productos?post=4168"}],"curies":[{"name":"wp","href":"https:\/\/api.w.org\/{rel}","templated":true}]}}