{"id":4147,"date":"2021-12-15T13:02:30","date_gmt":"2021-12-15T07:02:30","guid":{"rendered":"https:\/\/alpiste.co.cr\/product\/mortadella-pistacho-2\/"},"modified":"2022-07-30T08:56:07","modified_gmt":"2022-07-30T02:56:07","slug":"mortadella-pistacho-2","status":"publish","type":"product","link":"https:\/\/alpiste.co.cr\/en\/product\/mortadella-pistacho-2\/","title":{"rendered":"U. Mortadella Pistacho Ferrarini 300Gr Gf"},"content":{"rendered":"<p>https:\/\/alpiste.co.cr\/product\/mortadella-pistacho-2\/<\/p>","protected":false},"excerpt":{"rendered":"<p>Ferrarini siempre se ha dedicado a los s\u00edmbolos del &#8220;Made in Italy&#8221;: el jam\u00f3n cocido, el jam\u00f3n de Parma, el Parmigiano Reggiano, el preciado Vinagre Bals\u00e1mico Tradicional de Reggio Emilia. Junto a otros muchos productos sabrosos, hijos de la buena tradici\u00f3n gastron\u00f3mica emiliana e italiana.<\/p>","protected":false},"featured_media":3539,"comment_status":"closed","ping_status":"open","template":"","meta":{"_acf_changed":false},"product_cat":[394,396],"product_tag":[],"pais-productos":[38],"marca-productos":[477],"acf":[],"_links":{"self":[{"href":"https:\/\/alpiste.co.cr\/en\/wp-json\/wp\/v2\/product\/4147"}],"collection":[{"href":"https:\/\/alpiste.co.cr\/en\/wp-json\/wp\/v2\/product"}],"about":[{"href":"https:\/\/alpiste.co.cr\/en\/wp-json\/wp\/v2\/types\/product"}],"replies":[{"embeddable":true,"href":"https:\/\/alpiste.co.cr\/en\/wp-json\/wp\/v2\/comments?post=4147"}],"wp:featuredmedia":[{"embeddable":true,"href":"https:\/\/alpiste.co.cr\/en\/wp-json\/wp\/v2\/media\/3539"}],"wp:attachment":[{"href":"https:\/\/alpiste.co.cr\/en\/wp-json\/wp\/v2\/media?parent=4147"}],"wp:term":[{"taxonomy":"product_cat","embeddable":true,"href":"https:\/\/alpiste.co.cr\/en\/wp-json\/wp\/v2\/product_cat?post=4147"},{"taxonomy":"product_tag","embeddable":true,"href":"https:\/\/alpiste.co.cr\/en\/wp-json\/wp\/v2\/product_tag?post=4147"},{"taxonomy":"pais-productos","embeddable":true,"href":"https:\/\/alpiste.co.cr\/en\/wp-json\/wp\/v2\/pais-productos?post=4147"},{"taxonomy":"marca-productos","embeddable":true,"href":"https:\/\/alpiste.co.cr\/en\/wp-json\/wp\/v2\/marca-productos?post=4147"}],"curies":[{"name":"wp","href":"https:\/\/api.w.org\/{rel}","templated":true}]}}