{"id":4126,"date":"2021-12-15T13:02:25","date_gmt":"2021-12-15T07:02:25","guid":{"rendered":"https:\/\/alpiste.co.cr\/product\/salame-ferrarino\/"},"modified":"2022-12-22T22:33:44","modified_gmt":"2022-12-22T16:33:44","slug":"salame-ferrarino","status":"publish","type":"product","link":"https:\/\/alpiste.co.cr\/en\/product\/salame-ferrarino\/","title":{"rendered":"U. Salame Ferrarino Ferrarini 300Gr Gf"},"content":{"rendered":"<p>https:\/\/alpiste.co.cr\/product\/salame-ferrarino\/<\/p>","protected":false},"excerpt":{"rendered":"<p>El producto no contiene al\u00e9rgenos cuya presencia haya sido etiquetada obligatoriamente de acuerdo con la legislaci\u00f3n vigente (incluyendo gluten, leche y productos l\u00e1cteos incluyendo lactosa).<\/p>","protected":false},"featured_media":3551,"comment_status":"closed","ping_status":"open","template":"","meta":{"_acf_changed":false},"product_cat":[394,396],"product_tag":[],"pais-productos":[38],"marca-productos":[477],"acf":[],"_links":{"self":[{"href":"https:\/\/alpiste.co.cr\/en\/wp-json\/wp\/v2\/product\/4126"}],"collection":[{"href":"https:\/\/alpiste.co.cr\/en\/wp-json\/wp\/v2\/product"}],"about":[{"href":"https:\/\/alpiste.co.cr\/en\/wp-json\/wp\/v2\/types\/product"}],"replies":[{"embeddable":true,"href":"https:\/\/alpiste.co.cr\/en\/wp-json\/wp\/v2\/comments?post=4126"}],"wp:featuredmedia":[{"embeddable":true,"href":"https:\/\/alpiste.co.cr\/en\/wp-json\/wp\/v2\/media\/3551"}],"wp:attachment":[{"href":"https:\/\/alpiste.co.cr\/en\/wp-json\/wp\/v2\/media?parent=4126"}],"wp:term":[{"taxonomy":"product_cat","embeddable":true,"href":"https:\/\/alpiste.co.cr\/en\/wp-json\/wp\/v2\/product_cat?post=4126"},{"taxonomy":"product_tag","embeddable":true,"href":"https:\/\/alpiste.co.cr\/en\/wp-json\/wp\/v2\/product_tag?post=4126"},{"taxonomy":"pais-productos","embeddable":true,"href":"https:\/\/alpiste.co.cr\/en\/wp-json\/wp\/v2\/pais-productos?post=4126"},{"taxonomy":"marca-productos","embeddable":true,"href":"https:\/\/alpiste.co.cr\/en\/wp-json\/wp\/v2\/marca-productos?post=4126"}],"curies":[{"name":"wp","href":"https:\/\/api.w.org\/{rel}","templated":true}]}}