{"id":4114,"date":"2021-12-15T13:02:20","date_gmt":"2021-12-15T07:02:20","guid":{"rendered":"https:\/\/alpiste.co.cr\/product\/prosciutto-crudo-rebanado\/"},"modified":"2022-12-22T22:33:39","modified_gmt":"2022-12-22T16:33:39","slug":"prosciutto-crudo-rebanado","status":"publish","type":"product","link":"https:\/\/alpiste.co.cr\/en\/product\/prosciutto-crudo-rebanado\/","title":{"rendered":"U. Prosciutto Crudo Rebanado Ferrarini 90 Gr Gf"},"content":{"rendered":"<p>https:\/\/alpiste.co.cr\/product\/prosciutto-crudo-rebanado\/<\/p>","protected":false},"excerpt":{"rendered":"<p>Jam\u00f3n madurado previamente rebanado \u2013 L\u00e1minas con papel separador \u2013 Tiempo m\u00ednimo de curaci\u00f3n 10 meses &#8211; Carne especializada y certificada para Am\u00e9rica.<\/p>","protected":false},"featured_media":3543,"comment_status":"closed","ping_status":"open","template":"","meta":{"_acf_changed":false},"product_cat":[394,396],"product_tag":[],"pais-productos":[38],"marca-productos":[477],"acf":[],"_links":{"self":[{"href":"https:\/\/alpiste.co.cr\/en\/wp-json\/wp\/v2\/product\/4114"}],"collection":[{"href":"https:\/\/alpiste.co.cr\/en\/wp-json\/wp\/v2\/product"}],"about":[{"href":"https:\/\/alpiste.co.cr\/en\/wp-json\/wp\/v2\/types\/product"}],"replies":[{"embeddable":true,"href":"https:\/\/alpiste.co.cr\/en\/wp-json\/wp\/v2\/comments?post=4114"}],"wp:featuredmedia":[{"embeddable":true,"href":"https:\/\/alpiste.co.cr\/en\/wp-json\/wp\/v2\/media\/3543"}],"wp:attachment":[{"href":"https:\/\/alpiste.co.cr\/en\/wp-json\/wp\/v2\/media?parent=4114"}],"wp:term":[{"taxonomy":"product_cat","embeddable":true,"href":"https:\/\/alpiste.co.cr\/en\/wp-json\/wp\/v2\/product_cat?post=4114"},{"taxonomy":"product_tag","embeddable":true,"href":"https:\/\/alpiste.co.cr\/en\/wp-json\/wp\/v2\/product_tag?post=4114"},{"taxonomy":"pais-productos","embeddable":true,"href":"https:\/\/alpiste.co.cr\/en\/wp-json\/wp\/v2\/pais-productos?post=4114"},{"taxonomy":"marca-productos","embeddable":true,"href":"https:\/\/alpiste.co.cr\/en\/wp-json\/wp\/v2\/marca-productos?post=4114"}],"curies":[{"name":"wp","href":"https:\/\/api.w.org\/{rel}","templated":true}]}}