{"id":4096,"date":"2021-12-15T07:02:15","date_gmt":"2021-12-15T07:02:15","guid":{"rendered":"https:\/\/alpiste.co.cr\/product\/vinagre-de-echalot\/"},"modified":"2022-07-30T08:56:02","modified_gmt":"2022-07-30T02:56:02","slug":"vinagre-de-echalot","status":"publish","type":"product","link":"https:\/\/alpiste.co.cr\/en\/product\/vinagre-de-echalot\/","title":{"rendered":"Vinagre de Echalot"},"content":{"rendered":"<p>https:\/\/alpiste.co.cr\/product\/vinagre-de-echalot\/<\/p>","protected":false},"excerpt":{"rendered":"<p>El vinagre es un producto obtenido exclusivamente del proceso biol\u00f3gico de doble fermentaci\u00f3n (alcoh\u00f3lica y ac\u00e9tica) de l\u00edquidos u otras sustancias agr\u00edcolas.<\/p>","protected":false},"featured_media":3436,"comment_status":"closed","ping_status":"open","template":"","meta":{"_acf_changed":false},"product_cat":[394,433],"product_tag":[],"pais-productos":[70,71],"marca-productos":[468],"acf":[],"_links":{"self":[{"href":"https:\/\/alpiste.co.cr\/en\/wp-json\/wp\/v2\/product\/4096"}],"collection":[{"href":"https:\/\/alpiste.co.cr\/en\/wp-json\/wp\/v2\/product"}],"about":[{"href":"https:\/\/alpiste.co.cr\/en\/wp-json\/wp\/v2\/types\/product"}],"replies":[{"embeddable":true,"href":"https:\/\/alpiste.co.cr\/en\/wp-json\/wp\/v2\/comments?post=4096"}],"wp:featuredmedia":[{"embeddable":true,"href":"https:\/\/alpiste.co.cr\/en\/wp-json\/wp\/v2\/media\/3436"}],"wp:attachment":[{"href":"https:\/\/alpiste.co.cr\/en\/wp-json\/wp\/v2\/media?parent=4096"}],"wp:term":[{"taxonomy":"product_cat","embeddable":true,"href":"https:\/\/alpiste.co.cr\/en\/wp-json\/wp\/v2\/product_cat?post=4096"},{"taxonomy":"product_tag","embeddable":true,"href":"https:\/\/alpiste.co.cr\/en\/wp-json\/wp\/v2\/product_tag?post=4096"},{"taxonomy":"pais-productos","embeddable":true,"href":"https:\/\/alpiste.co.cr\/en\/wp-json\/wp\/v2\/pais-productos?post=4096"},{"taxonomy":"marca-productos","embeddable":true,"href":"https:\/\/alpiste.co.cr\/en\/wp-json\/wp\/v2\/marca-productos?post=4096"}],"curies":[{"name":"wp","href":"https:\/\/api.w.org\/{rel}","templated":true}]}}