{"id":4078,"date":"2021-12-15T13:02:10","date_gmt":"2021-12-15T07:02:10","guid":{"rendered":"https:\/\/alpiste.co.cr\/product\/mostaza-con-miel-y-vinagre\/"},"modified":"2022-12-22T22:35:40","modified_gmt":"2022-12-22T16:35:40","slug":"mostaza-con-miel-y-vinagre","status":"publish","type":"product","link":"https:\/\/alpiste.co.cr\/en\/product\/mostaza-con-miel-y-vinagre\/","title":{"rendered":"Mostaza Con Miel Y Vinagre 210Gr"},"content":{"rendered":"<p>https:\/\/alpiste.co.cr\/product\/mostaza-con-miel-y-vinagre\/<\/p>","protected":false},"excerpt":{"rendered":"<p>La mostaza de Dijon con miel y vinagre bals\u00e1mico Edmond Fallot es elaborada de una manera tradicional en la regi\u00f3n de la Borgo\u00f1a con agua<\/p>","protected":false},"featured_media":3330,"comment_status":"closed","ping_status":"open","template":"","meta":{"_acf_changed":false},"product_cat":[394,433],"product_tag":[],"pais-productos":[70,71],"marca-productos":[468],"acf":[],"_links":{"self":[{"href":"https:\/\/alpiste.co.cr\/en\/wp-json\/wp\/v2\/product\/4078"}],"collection":[{"href":"https:\/\/alpiste.co.cr\/en\/wp-json\/wp\/v2\/product"}],"about":[{"href":"https:\/\/alpiste.co.cr\/en\/wp-json\/wp\/v2\/types\/product"}],"replies":[{"embeddable":true,"href":"https:\/\/alpiste.co.cr\/en\/wp-json\/wp\/v2\/comments?post=4078"}],"wp:featuredmedia":[{"embeddable":true,"href":"https:\/\/alpiste.co.cr\/en\/wp-json\/wp\/v2\/media\/3330"}],"wp:attachment":[{"href":"https:\/\/alpiste.co.cr\/en\/wp-json\/wp\/v2\/media?parent=4078"}],"wp:term":[{"taxonomy":"product_cat","embeddable":true,"href":"https:\/\/alpiste.co.cr\/en\/wp-json\/wp\/v2\/product_cat?post=4078"},{"taxonomy":"product_tag","embeddable":true,"href":"https:\/\/alpiste.co.cr\/en\/wp-json\/wp\/v2\/product_tag?post=4078"},{"taxonomy":"pais-productos","embeddable":true,"href":"https:\/\/alpiste.co.cr\/en\/wp-json\/wp\/v2\/pais-productos?post=4078"},{"taxonomy":"marca-productos","embeddable":true,"href":"https:\/\/alpiste.co.cr\/en\/wp-json\/wp\/v2\/marca-productos?post=4078"}],"curies":[{"name":"wp","href":"https:\/\/api.w.org\/{rel}","templated":true}]}}