{"id":4062,"date":"2021-12-15T13:02:05","date_gmt":"2021-12-15T07:02:05","guid":{"rendered":"https:\/\/alpiste.co.cr\/product\/mostaza-de-dijon\/"},"modified":"2022-12-22T22:35:43","modified_gmt":"2022-12-22T16:35:43","slug":"mostaza-de-dijon","status":"publish","type":"product","link":"https:\/\/alpiste.co.cr\/en\/product\/mostaza-de-dijon\/","title":{"rendered":"Mostaza De Dijon"},"content":{"rendered":"<p>https:\/\/alpiste.co.cr\/product\/mostaza-de-dijon\/<\/p>","protected":false},"excerpt":{"rendered":"<p>Esta es una mostaza que tiene m\u00e1s de 150 a\u00f1os de historia: la casa Fallot es la \u00faltima productora de mostaza familiar e independiente hoy en d\u00eda<\/p>","protected":false},"featured_media":3326,"comment_status":"closed","ping_status":"closed","template":"","meta":{"_acf_changed":false},"product_cat":[394,433],"product_tag":[],"pais-productos":[70,71],"marca-productos":[468],"acf":[],"_links":{"self":[{"href":"https:\/\/alpiste.co.cr\/en\/wp-json\/wp\/v2\/product\/4062"}],"collection":[{"href":"https:\/\/alpiste.co.cr\/en\/wp-json\/wp\/v2\/product"}],"about":[{"href":"https:\/\/alpiste.co.cr\/en\/wp-json\/wp\/v2\/types\/product"}],"replies":[{"embeddable":true,"href":"https:\/\/alpiste.co.cr\/en\/wp-json\/wp\/v2\/comments?post=4062"}],"wp:featuredmedia":[{"embeddable":true,"href":"https:\/\/alpiste.co.cr\/en\/wp-json\/wp\/v2\/media\/3326"}],"wp:attachment":[{"href":"https:\/\/alpiste.co.cr\/en\/wp-json\/wp\/v2\/media?parent=4062"}],"wp:term":[{"taxonomy":"product_cat","embeddable":true,"href":"https:\/\/alpiste.co.cr\/en\/wp-json\/wp\/v2\/product_cat?post=4062"},{"taxonomy":"product_tag","embeddable":true,"href":"https:\/\/alpiste.co.cr\/en\/wp-json\/wp\/v2\/product_tag?post=4062"},{"taxonomy":"pais-productos","embeddable":true,"href":"https:\/\/alpiste.co.cr\/en\/wp-json\/wp\/v2\/pais-productos?post=4062"},{"taxonomy":"marca-productos","embeddable":true,"href":"https:\/\/alpiste.co.cr\/en\/wp-json\/wp\/v2\/marca-productos?post=4062"}],"curies":[{"name":"wp","href":"https:\/\/api.w.org\/{rel}","templated":true}]}}