{"id":3831,"date":"2021-12-15T13:01:09","date_gmt":"2021-12-15T07:01:09","guid":{"rendered":"https:\/\/alpiste.co.cr\/product\/sfogliatine-glassate\/"},"modified":"2022-12-22T22:33:11","modified_gmt":"2022-12-22T16:33:11","slug":"sfogliatine-glassate","status":"publish","type":"product","link":"https:\/\/alpiste.co.cr\/en\/product\/sfogliatine-glassate\/","title":{"rendered":"Sfogliatine Glassate 125Gr Delser"},"content":{"rendered":"<p>https:\/\/alpiste.co.cr\/product\/sfogliatine-glassate\/<\/p>","protected":false},"excerpt":{"rendered":"<p>HOJALDRES GLASEADOS. Dorada, crujiente y quebradiza. El hojaldre es una\u00a0deliciosa bondad que le da todo el placer de la dulzura y la luz. Finamente cristal, encerrado en un contenedor muy \u00fatil que protege la fragancia y la forma, tentadoras especialidades de pasteler\u00eda para deleite de las ocasiones m\u00e1s perfecto: un trabajo de servicio descanso o estudio, como una fiesta con amigos.<\/p>","protected":false},"featured_media":3428,"comment_status":"closed","ping_status":"open","template":"","meta":{"_acf_changed":false},"product_cat":[394,449],"product_tag":[],"pais-productos":[38],"marca-productos":[450],"acf":[],"_links":{"self":[{"href":"https:\/\/alpiste.co.cr\/en\/wp-json\/wp\/v2\/product\/3831"}],"collection":[{"href":"https:\/\/alpiste.co.cr\/en\/wp-json\/wp\/v2\/product"}],"about":[{"href":"https:\/\/alpiste.co.cr\/en\/wp-json\/wp\/v2\/types\/product"}],"replies":[{"embeddable":true,"href":"https:\/\/alpiste.co.cr\/en\/wp-json\/wp\/v2\/comments?post=3831"}],"wp:featuredmedia":[{"embeddable":true,"href":"https:\/\/alpiste.co.cr\/en\/wp-json\/wp\/v2\/media\/3428"}],"wp:attachment":[{"href":"https:\/\/alpiste.co.cr\/en\/wp-json\/wp\/v2\/media?parent=3831"}],"wp:term":[{"taxonomy":"product_cat","embeddable":true,"href":"https:\/\/alpiste.co.cr\/en\/wp-json\/wp\/v2\/product_cat?post=3831"},{"taxonomy":"product_tag","embeddable":true,"href":"https:\/\/alpiste.co.cr\/en\/wp-json\/wp\/v2\/product_tag?post=3831"},{"taxonomy":"pais-productos","embeddable":true,"href":"https:\/\/alpiste.co.cr\/en\/wp-json\/wp\/v2\/pais-productos?post=3831"},{"taxonomy":"marca-productos","embeddable":true,"href":"https:\/\/alpiste.co.cr\/en\/wp-json\/wp\/v2\/marca-productos?post=3831"}],"curies":[{"name":"wp","href":"https:\/\/api.w.org\/{rel}","templated":true}]}}