{"id":3708,"date":"2021-12-15T13:00:38","date_gmt":"2021-12-15T07:00:38","guid":{"rendered":"https:\/\/alpiste.co.cr\/product\/berenjenas-a-la-napoletana\/"},"modified":"2022-07-30T08:55:22","modified_gmt":"2022-07-30T02:55:22","slug":"berenjenas-a-la-napoletana","status":"publish","type":"product","link":"https:\/\/alpiste.co.cr\/en\/product\/berenjenas-a-la-napoletana\/","title":{"rendered":"Berenjenas A La Napoletana 280G"},"content":{"rendered":"<p>https:\/\/alpiste.co.cr\/product\/berenjenas-a-la-napoletana\/<\/p>","protected":false},"excerpt":{"rendered":"<p>Berenjenas a la napolitana en aceite. El sabor de un tiempo con los producos m\u00e1s t\u00edpicos de la tradici\u00f3n italiana. Saborosas berenjenas<\/p>","protected":false},"featured_media":3318,"comment_status":"closed","ping_status":"open","template":"","meta":{"_acf_changed":false},"product_cat":[394,421],"product_tag":[],"pais-productos":[38],"marca-productos":[422],"acf":[],"_links":{"self":[{"href":"https:\/\/alpiste.co.cr\/en\/wp-json\/wp\/v2\/product\/3708"}],"collection":[{"href":"https:\/\/alpiste.co.cr\/en\/wp-json\/wp\/v2\/product"}],"about":[{"href":"https:\/\/alpiste.co.cr\/en\/wp-json\/wp\/v2\/types\/product"}],"replies":[{"embeddable":true,"href":"https:\/\/alpiste.co.cr\/en\/wp-json\/wp\/v2\/comments?post=3708"}],"wp:featuredmedia":[{"embeddable":true,"href":"https:\/\/alpiste.co.cr\/en\/wp-json\/wp\/v2\/media\/3318"}],"wp:attachment":[{"href":"https:\/\/alpiste.co.cr\/en\/wp-json\/wp\/v2\/media?parent=3708"}],"wp:term":[{"taxonomy":"product_cat","embeddable":true,"href":"https:\/\/alpiste.co.cr\/en\/wp-json\/wp\/v2\/product_cat?post=3708"},{"taxonomy":"product_tag","embeddable":true,"href":"https:\/\/alpiste.co.cr\/en\/wp-json\/wp\/v2\/product_tag?post=3708"},{"taxonomy":"pais-productos","embeddable":true,"href":"https:\/\/alpiste.co.cr\/en\/wp-json\/wp\/v2\/pais-productos?post=3708"},{"taxonomy":"marca-productos","embeddable":true,"href":"https:\/\/alpiste.co.cr\/en\/wp-json\/wp\/v2\/marca-productos?post=3708"}],"curies":[{"name":"wp","href":"https:\/\/api.w.org\/{rel}","templated":true}]}}