{"id":3693,"date":"2021-12-15T13:00:33","date_gmt":"2021-12-15T07:00:33","guid":{"rendered":"https:\/\/alpiste.co.cr\/product\/azucar-de-coco-organica\/"},"modified":"2022-07-30T08:55:22","modified_gmt":"2022-07-30T02:55:22","slug":"azucar-de-coco-organica","status":"publish","type":"product","link":"https:\/\/alpiste.co.cr\/en\/product\/azucar-de-coco-organica\/","title":{"rendered":"Bob S Rm Azucar Coco Organ"},"content":{"rendered":"<p>https:\/\/alpiste.co.cr\/product\/azucar-de-coco-organica\/<\/p>","protected":false},"excerpt":{"rendered":"<p>El az\u00facar de coco org\u00e1nico es un edulcorante alternativo saludable elaborado a partir del n\u00e9ctar de las flores de la palmera de coco. El suave sabor a caramelo es perfecto en galletas, pasteles y panes r\u00e1pidos. Para un delicioso desayuno, cubra su avena con una cucharada de az\u00facar de coco.<\/p>","protected":false},"featured_media":3384,"comment_status":"closed","ping_status":"open","template":"","meta":{"_acf_changed":false},"product_cat":[394,410],"product_tag":[],"pais-productos":[237],"marca-productos":[412],"acf":[],"_links":{"self":[{"href":"https:\/\/alpiste.co.cr\/en\/wp-json\/wp\/v2\/product\/3693"}],"collection":[{"href":"https:\/\/alpiste.co.cr\/en\/wp-json\/wp\/v2\/product"}],"about":[{"href":"https:\/\/alpiste.co.cr\/en\/wp-json\/wp\/v2\/types\/product"}],"replies":[{"embeddable":true,"href":"https:\/\/alpiste.co.cr\/en\/wp-json\/wp\/v2\/comments?post=3693"}],"wp:featuredmedia":[{"embeddable":true,"href":"https:\/\/alpiste.co.cr\/en\/wp-json\/wp\/v2\/media\/3384"}],"wp:attachment":[{"href":"https:\/\/alpiste.co.cr\/en\/wp-json\/wp\/v2\/media?parent=3693"}],"wp:term":[{"taxonomy":"product_cat","embeddable":true,"href":"https:\/\/alpiste.co.cr\/en\/wp-json\/wp\/v2\/product_cat?post=3693"},{"taxonomy":"product_tag","embeddable":true,"href":"https:\/\/alpiste.co.cr\/en\/wp-json\/wp\/v2\/product_tag?post=3693"},{"taxonomy":"pais-productos","embeddable":true,"href":"https:\/\/alpiste.co.cr\/en\/wp-json\/wp\/v2\/pais-productos?post=3693"},{"taxonomy":"marca-productos","embeddable":true,"href":"https:\/\/alpiste.co.cr\/en\/wp-json\/wp\/v2\/marca-productos?post=3693"}],"curies":[{"name":"wp","href":"https:\/\/api.w.org\/{rel}","templated":true}]}}