{"id":3690,"date":"2021-12-15T13:00:33","date_gmt":"2021-12-15T07:00:33","guid":{"rendered":"https:\/\/alpiste.co.cr\/product\/maicena\/"},"modified":"2022-07-30T08:55:20","modified_gmt":"2022-07-30T02:55:20","slug":"maicena","status":"publish","type":"product","link":"https:\/\/alpiste.co.cr\/en\/product\/maicena\/","title":{"rendered":"Bob S Rm Gf Maicena Gf"},"content":{"rendered":"<p>https:\/\/alpiste.co.cr\/product\/maicena\/<\/p>","protected":false},"excerpt":{"rendered":"<p>La maicena es un polvo denso hecho de la porci\u00f3n de endospermo del grano de ma\u00edz. \u00daselo como espesante para pasteles o salsas, o como ingrediente para hornear sin gluten.<\/p>","protected":false},"featured_media":3383,"comment_status":"closed","ping_status":"open","template":"","meta":{"_acf_changed":false},"product_cat":[394,410],"product_tag":[],"pais-productos":[237],"marca-productos":[412],"acf":[],"_links":{"self":[{"href":"https:\/\/alpiste.co.cr\/en\/wp-json\/wp\/v2\/product\/3690"}],"collection":[{"href":"https:\/\/alpiste.co.cr\/en\/wp-json\/wp\/v2\/product"}],"about":[{"href":"https:\/\/alpiste.co.cr\/en\/wp-json\/wp\/v2\/types\/product"}],"replies":[{"embeddable":true,"href":"https:\/\/alpiste.co.cr\/en\/wp-json\/wp\/v2\/comments?post=3690"}],"wp:featuredmedia":[{"embeddable":true,"href":"https:\/\/alpiste.co.cr\/en\/wp-json\/wp\/v2\/media\/3383"}],"wp:attachment":[{"href":"https:\/\/alpiste.co.cr\/en\/wp-json\/wp\/v2\/media?parent=3690"}],"wp:term":[{"taxonomy":"product_cat","embeddable":true,"href":"https:\/\/alpiste.co.cr\/en\/wp-json\/wp\/v2\/product_cat?post=3690"},{"taxonomy":"product_tag","embeddable":true,"href":"https:\/\/alpiste.co.cr\/en\/wp-json\/wp\/v2\/product_tag?post=3690"},{"taxonomy":"pais-productos","embeddable":true,"href":"https:\/\/alpiste.co.cr\/en\/wp-json\/wp\/v2\/pais-productos?post=3690"},{"taxonomy":"marca-productos","embeddable":true,"href":"https:\/\/alpiste.co.cr\/en\/wp-json\/wp\/v2\/marca-productos?post=3690"}],"curies":[{"name":"wp","href":"https:\/\/api.w.org\/{rel}","templated":true}]}}