{"id":3659,"date":"2021-12-15T07:00:23","date_gmt":"2021-12-15T07:00:23","guid":{"rendered":"https:\/\/alpiste.co.cr\/product\/queso-pecorino-con-pimienta\/"},"modified":"2022-08-22T19:44:42","modified_gmt":"2022-08-22T13:44:42","slug":"queso-pecorino-con-pimienta","status":"publish","type":"product","link":"https:\/\/alpiste.co.cr\/en\/product\/queso-pecorino-con-pimienta\/","title":{"rendered":"Queso Pecorino con pimienta"},"content":{"rendered":"<p>https:\/\/alpiste.co.cr\/product\/queso-pecorino-con-pimienta\/<\/p>","protected":false},"excerpt":{"rendered":"<p>El queso Pecorino con pimienta Auricchio es un queso duro, de color blanco o amarillo claro.Su sabor caracter\u00edstico es arom\u00e1tico y ligeramente picante para un queso de mesa; est\u00e1 destinado a ser rallado. Resulta picante, intenso y delicioso gracias a una maduraci\u00f3n m\u00e1s larga.<\/p>","protected":false},"featured_media":3452,"comment_status":"closed","ping_status":"closed","template":"","meta":{"_acf_changed":false},"product_cat":[394,396],"product_tag":[],"pais-productos":[38],"marca-productos":[399],"acf":[],"_links":{"self":[{"href":"https:\/\/alpiste.co.cr\/en\/wp-json\/wp\/v2\/product\/3659"}],"collection":[{"href":"https:\/\/alpiste.co.cr\/en\/wp-json\/wp\/v2\/product"}],"about":[{"href":"https:\/\/alpiste.co.cr\/en\/wp-json\/wp\/v2\/types\/product"}],"replies":[{"embeddable":true,"href":"https:\/\/alpiste.co.cr\/en\/wp-json\/wp\/v2\/comments?post=3659"}],"wp:featuredmedia":[{"embeddable":true,"href":"https:\/\/alpiste.co.cr\/en\/wp-json\/wp\/v2\/media\/3452"}],"wp:attachment":[{"href":"https:\/\/alpiste.co.cr\/en\/wp-json\/wp\/v2\/media?parent=3659"}],"wp:term":[{"taxonomy":"product_cat","embeddable":true,"href":"https:\/\/alpiste.co.cr\/en\/wp-json\/wp\/v2\/product_cat?post=3659"},{"taxonomy":"product_tag","embeddable":true,"href":"https:\/\/alpiste.co.cr\/en\/wp-json\/wp\/v2\/product_tag?post=3659"},{"taxonomy":"pais-productos","embeddable":true,"href":"https:\/\/alpiste.co.cr\/en\/wp-json\/wp\/v2\/pais-productos?post=3659"},{"taxonomy":"marca-productos","embeddable":true,"href":"https:\/\/alpiste.co.cr\/en\/wp-json\/wp\/v2\/marca-productos?post=3659"}],"curies":[{"name":"wp","href":"https:\/\/api.w.org\/{rel}","templated":true}]}}