{"id":3655,"date":"2021-12-15T07:00:23","date_gmt":"2021-12-15T07:00:23","guid":{"rendered":"https:\/\/alpiste.co.cr\/product\/queso-pieza-pecorino-romano\/"},"modified":"2022-07-30T08:55:19","modified_gmt":"2022-07-30T02:55:19","slug":"queso-pieza-pecorino-romano","status":"publish","type":"product","link":"https:\/\/alpiste.co.cr\/en\/product\/queso-pieza-pecorino-romano\/","title":{"rendered":"Queso Pieza Pecorino Romano"},"content":{"rendered":"<p>https:\/\/alpiste.co.cr\/product\/queso-pieza-pecorino-romano\/<\/p>","protected":false},"excerpt":{"rendered":"<p>El queso Pecorino Romano de Auricchio es un queso duro, de color blanco o amarillo claro.Su sabor caracter\u00edstico es arom\u00e1tico y ligeramente picante para un queso de mesa; est\u00e1 destinado a ser rallado. Resulta picante, intenso y delicioso gracias a una maduraci\u00f3n m\u00e1s larga.<\/p>","protected":false},"featured_media":3450,"comment_status":"closed","ping_status":"open","template":"","meta":{"_acf_changed":false},"product_cat":[394,396],"product_tag":[],"pais-productos":[38],"marca-productos":[399],"acf":[],"_links":{"self":[{"href":"https:\/\/alpiste.co.cr\/en\/wp-json\/wp\/v2\/product\/3655"}],"collection":[{"href":"https:\/\/alpiste.co.cr\/en\/wp-json\/wp\/v2\/product"}],"about":[{"href":"https:\/\/alpiste.co.cr\/en\/wp-json\/wp\/v2\/types\/product"}],"replies":[{"embeddable":true,"href":"https:\/\/alpiste.co.cr\/en\/wp-json\/wp\/v2\/comments?post=3655"}],"wp:featuredmedia":[{"embeddable":true,"href":"https:\/\/alpiste.co.cr\/en\/wp-json\/wp\/v2\/media\/3450"}],"wp:attachment":[{"href":"https:\/\/alpiste.co.cr\/en\/wp-json\/wp\/v2\/media?parent=3655"}],"wp:term":[{"taxonomy":"product_cat","embeddable":true,"href":"https:\/\/alpiste.co.cr\/en\/wp-json\/wp\/v2\/product_cat?post=3655"},{"taxonomy":"product_tag","embeddable":true,"href":"https:\/\/alpiste.co.cr\/en\/wp-json\/wp\/v2\/product_tag?post=3655"},{"taxonomy":"pais-productos","embeddable":true,"href":"https:\/\/alpiste.co.cr\/en\/wp-json\/wp\/v2\/pais-productos?post=3655"},{"taxonomy":"marca-productos","embeddable":true,"href":"https:\/\/alpiste.co.cr\/en\/wp-json\/wp\/v2\/marca-productos?post=3655"}],"curies":[{"name":"wp","href":"https:\/\/api.w.org\/{rel}","templated":true}]}}