{"id":2855,"date":"2021-12-02T22:09:47","date_gmt":"2021-12-02T22:09:47","guid":{"rendered":"https:\/\/alpiste.co.cr\/product\/taylors-oporto-late-bottle-vintage-lbv-2012\/"},"modified":"2025-11-14T22:22:02","modified_gmt":"2025-11-14T16:22:02","slug":"taylors-oporto-late-bottle-vintage-lbv-2012","status":"publish","type":"product","link":"https:\/\/alpiste.co.cr\/en\/product\/taylors-oporto-late-bottle-vintage-lbv-2012\/","title":{"rendered":"Taylor\u2019s Oporto Late Bottle Vintage \u201cLBV\u201d 2012"},"content":{"rendered":"<p>https:\/\/alpiste.co.cr\/product\/taylors-oporto-late-bottle-vintage-lbv-2012\/<\/p>","protected":false},"excerpt":{"rendered":"<p>El Oporto Vintage y el LBV son elaborados a partir de una selecci\u00f3n de vinos de Oporto tintos de mucho cuerpo y excelente calidad, provenientes de una sola a\u00f1ada. La principal diferencia entre los dos estilos reside en la crianza. El Oporto Vintage permanece en madera durante cerca de 20 meses y despu\u00e9s es transferido a la botella donde continuar\u00e1 envejeciendo. El Late Bottled Vintage, como su nombre en ingl\u00e9s lo sugiere, es embotellado m\u00e1s tarde, permaneciendo en madera entre cuatro y seis a\u00f1os.<\/p>","protected":false},"featured_media":1654,"comment_status":"closed","ping_status":"closed","template":"","meta":{"_acf_changed":false},"product_cat":[127,382],"product_tag":[],"pais-productos":[383],"marca-productos":[385],"acf":[],"_links":{"self":[{"href":"https:\/\/alpiste.co.cr\/en\/wp-json\/wp\/v2\/product\/2855"}],"collection":[{"href":"https:\/\/alpiste.co.cr\/en\/wp-json\/wp\/v2\/product"}],"about":[{"href":"https:\/\/alpiste.co.cr\/en\/wp-json\/wp\/v2\/types\/product"}],"replies":[{"embeddable":true,"href":"https:\/\/alpiste.co.cr\/en\/wp-json\/wp\/v2\/comments?post=2855"}],"wp:featuredmedia":[{"embeddable":true,"href":"https:\/\/alpiste.co.cr\/en\/wp-json\/wp\/v2\/media\/1654"}],"wp:attachment":[{"href":"https:\/\/alpiste.co.cr\/en\/wp-json\/wp\/v2\/media?parent=2855"}],"wp:term":[{"taxonomy":"product_cat","embeddable":true,"href":"https:\/\/alpiste.co.cr\/en\/wp-json\/wp\/v2\/product_cat?post=2855"},{"taxonomy":"product_tag","embeddable":true,"href":"https:\/\/alpiste.co.cr\/en\/wp-json\/wp\/v2\/product_tag?post=2855"},{"taxonomy":"pais-productos","embeddable":true,"href":"https:\/\/alpiste.co.cr\/en\/wp-json\/wp\/v2\/pais-productos?post=2855"},{"taxonomy":"marca-productos","embeddable":true,"href":"https:\/\/alpiste.co.cr\/en\/wp-json\/wp\/v2\/marca-productos?post=2855"}],"curies":[{"name":"wp","href":"https:\/\/api.w.org\/{rel}","templated":true}]}}