{"id":2831,"date":"2021-12-03T04:09:36","date_gmt":"2021-12-02T22:09:36","guid":{"rendered":"https:\/\/alpiste.co.cr\/product\/trimbach-cuvee-des-seigneurs-de-ribeaupierre-gewurztraminer\/"},"modified":"2022-12-22T22:31:08","modified_gmt":"2022-12-22T16:31:08","slug":"trimbach-cuvee-des-seigneurs-de-ribeaupierre-gewurztraminer","status":"publish","type":"product","link":"https:\/\/alpiste.co.cr\/en\/product\/trimbach-cuvee-des-seigneurs-de-ribeaupierre-gewurztraminer\/","title":{"rendered":"Trimbach Gewurztraminer Reserve Personnelle Aoc Alsace   750 mL"},"content":{"rendered":"<p>https:\/\/alpiste.co.cr\/product\/trimbach-cuvee-des-seigneurs-de-ribeaupierre-gewurztraminer\/<\/p>","protected":false},"excerpt":{"rendered":"<p>Para la elaboraci\u00f3n de este \u201cReserva Personal\u201d se seleccionan las mejores uvas de las vi\u00f1as m\u00e1s viejas de la antigua finca vin\u00edcola de los Se\u00f1ores de Ribeaupierre<\/p>","protected":false},"featured_media":1351,"comment_status":"closed","ping_status":"open","template":"","meta":{"_acf_changed":false},"product_cat":[127,128],"product_tag":[],"pais-productos":[380,70],"marca-productos":[381],"acf":[],"_links":{"self":[{"href":"https:\/\/alpiste.co.cr\/en\/wp-json\/wp\/v2\/product\/2831"}],"collection":[{"href":"https:\/\/alpiste.co.cr\/en\/wp-json\/wp\/v2\/product"}],"about":[{"href":"https:\/\/alpiste.co.cr\/en\/wp-json\/wp\/v2\/types\/product"}],"replies":[{"embeddable":true,"href":"https:\/\/alpiste.co.cr\/en\/wp-json\/wp\/v2\/comments?post=2831"}],"wp:featuredmedia":[{"embeddable":true,"href":"https:\/\/alpiste.co.cr\/en\/wp-json\/wp\/v2\/media\/1351"}],"wp:attachment":[{"href":"https:\/\/alpiste.co.cr\/en\/wp-json\/wp\/v2\/media?parent=2831"}],"wp:term":[{"taxonomy":"product_cat","embeddable":true,"href":"https:\/\/alpiste.co.cr\/en\/wp-json\/wp\/v2\/product_cat?post=2831"},{"taxonomy":"product_tag","embeddable":true,"href":"https:\/\/alpiste.co.cr\/en\/wp-json\/wp\/v2\/product_tag?post=2831"},{"taxonomy":"pais-productos","embeddable":true,"href":"https:\/\/alpiste.co.cr\/en\/wp-json\/wp\/v2\/pais-productos?post=2831"},{"taxonomy":"marca-productos","embeddable":true,"href":"https:\/\/alpiste.co.cr\/en\/wp-json\/wp\/v2\/marca-productos?post=2831"}],"curies":[{"name":"wp","href":"https:\/\/api.w.org\/{rel}","templated":true}]}}