{"id":2765,"date":"2021-12-03T04:09:19","date_gmt":"2021-12-02T22:09:19","guid":{"rendered":"https:\/\/alpiste.co.cr\/product\/tenuta-san-guido-guidalberto-igt-super-toscano\/"},"modified":"2025-11-15T03:22:52","modified_gmt":"2025-11-14T21:22:52","slug":"tenuta-san-guido-guidalberto-igt-super-toscano","status":"publish","type":"product","link":"https:\/\/alpiste.co.cr\/en\/product\/tenuta-san-guido-guidalberto-igt-super-toscano\/","title":{"rendered":"Tenuta San Guido Guidalberto  Igt Toscana"},"content":{"rendered":"<p>https:\/\/alpiste.co.cr\/product\/tenuta-san-guido-guidalberto-igt-super-toscano\/<\/p>","protected":false},"excerpt":{"rendered":"<p>Segunda etiqueta de la mundialmente famosa Tenuta San Guido. Bodega que cre\u00f3 el primer \u201cS\u00faper Toscano\u201d; el renombrado Sassicaia. Guidalberto ha enamorado el paladar de todo aquel amante de este novedoso estilo de vinos, desde su primera cosecha en el a\u00f1o 2.000. Su elegancia, fineza, redondez y armon\u00eda atraer\u00e1n su paladar<\/p>","protected":false},"featured_media":1540,"comment_status":"closed","ping_status":"closed","template":"","meta":{"_acf_changed":false},"product_cat":[127,141],"product_tag":[],"pais-productos":[38,363],"marca-productos":[362],"acf":[],"_links":{"self":[{"href":"https:\/\/alpiste.co.cr\/en\/wp-json\/wp\/v2\/product\/2765"}],"collection":[{"href":"https:\/\/alpiste.co.cr\/en\/wp-json\/wp\/v2\/product"}],"about":[{"href":"https:\/\/alpiste.co.cr\/en\/wp-json\/wp\/v2\/types\/product"}],"replies":[{"embeddable":true,"href":"https:\/\/alpiste.co.cr\/en\/wp-json\/wp\/v2\/comments?post=2765"}],"wp:featuredmedia":[{"embeddable":true,"href":"https:\/\/alpiste.co.cr\/en\/wp-json\/wp\/v2\/media\/1540"}],"wp:attachment":[{"href":"https:\/\/alpiste.co.cr\/en\/wp-json\/wp\/v2\/media?parent=2765"}],"wp:term":[{"taxonomy":"product_cat","embeddable":true,"href":"https:\/\/alpiste.co.cr\/en\/wp-json\/wp\/v2\/product_cat?post=2765"},{"taxonomy":"product_tag","embeddable":true,"href":"https:\/\/alpiste.co.cr\/en\/wp-json\/wp\/v2\/product_tag?post=2765"},{"taxonomy":"pais-productos","embeddable":true,"href":"https:\/\/alpiste.co.cr\/en\/wp-json\/wp\/v2\/pais-productos?post=2765"},{"taxonomy":"marca-productos","embeddable":true,"href":"https:\/\/alpiste.co.cr\/en\/wp-json\/wp\/v2\/marca-productos?post=2765"}],"curies":[{"name":"wp","href":"https:\/\/api.w.org\/{rel}","templated":true}]}}