{"id":2557,"date":"2021-12-03T04:08:26","date_gmt":"2021-12-02T22:08:26","guid":{"rendered":"https:\/\/alpiste.co.cr\/product\/colonia-las-liebres-clasica-bonarda\/"},"modified":"2024-07-09T21:38:06","modified_gmt":"2024-07-09T15:38:06","slug":"colonia-las-liebres-clasica-bonarda","status":"publish","type":"product","link":"https:\/\/alpiste.co.cr\/en\/product\/colonia-las-liebres-clasica-bonarda\/","title":{"rendered":"Colonia Las Liebres Bonarda"},"content":{"rendered":"<p>https:\/\/alpiste.co.cr\/product\/colonia-las-liebres-clasica-bonarda\/<\/p>","protected":false},"excerpt":{"rendered":"<p>Este vino procede de vi\u00f1edos org\u00e1nicos, ubicados en la prestigiosa zona de Luj\u00e1n de Cuyo. Este monovarietal proviene de vi\u00f1edos viejos de m\u00e1s de 40 a\u00f1os. Es certificado org\u00e1nico. Un exquisito vino, que combina suavidad, frescura y armon\u00eda, es muy f\u00e1cil de disfrutar. Elaborado por la reconocida bodega Altos las Hormigas\u2026<\/p>","protected":false},"featured_media":7314,"comment_status":"closed","ping_status":"closed","template":"","meta":{"_acf_changed":false},"product_cat":[127,141],"product_tag":[],"pais-productos":[169,329],"marca-productos":[330],"acf":[],"_links":{"self":[{"href":"https:\/\/alpiste.co.cr\/en\/wp-json\/wp\/v2\/product\/2557"}],"collection":[{"href":"https:\/\/alpiste.co.cr\/en\/wp-json\/wp\/v2\/product"}],"about":[{"href":"https:\/\/alpiste.co.cr\/en\/wp-json\/wp\/v2\/types\/product"}],"replies":[{"embeddable":true,"href":"https:\/\/alpiste.co.cr\/en\/wp-json\/wp\/v2\/comments?post=2557"}],"wp:featuredmedia":[{"embeddable":true,"href":"https:\/\/alpiste.co.cr\/en\/wp-json\/wp\/v2\/media\/7314"}],"wp:attachment":[{"href":"https:\/\/alpiste.co.cr\/en\/wp-json\/wp\/v2\/media?parent=2557"}],"wp:term":[{"taxonomy":"product_cat","embeddable":true,"href":"https:\/\/alpiste.co.cr\/en\/wp-json\/wp\/v2\/product_cat?post=2557"},{"taxonomy":"product_tag","embeddable":true,"href":"https:\/\/alpiste.co.cr\/en\/wp-json\/wp\/v2\/product_tag?post=2557"},{"taxonomy":"pais-productos","embeddable":true,"href":"https:\/\/alpiste.co.cr\/en\/wp-json\/wp\/v2\/pais-productos?post=2557"},{"taxonomy":"marca-productos","embeddable":true,"href":"https:\/\/alpiste.co.cr\/en\/wp-json\/wp\/v2\/marca-productos?post=2557"}],"curies":[{"name":"wp","href":"https:\/\/api.w.org\/{rel}","templated":true}]}}